{"id":8281,"date":"2025-08-29T14:20:58","date_gmt":"2025-08-29T12:20:58","guid":{"rendered":"https:\/\/www.strzodowie.pl\/sklep\/?post_type=product&#038;p=8281"},"modified":"2026-02-06T13:32:56","modified_gmt":"2026-02-06T12:32:56","slug":"orange-oc122-c6","status":"publish","type":"product","link":"https:\/\/www.strzodowie.pl\/sklep\/product\/orange-oc122-c6\/","title":{"rendered":"Orange OC122 C6"},"content":{"rendered":"<h3 class=\"western\">OC122 C6 \u2013 elastyczno\u015b\u0107 TR i klasyczny design<\/h3>\n<p>Model OC122 C6 wykonany zosta\u0142 z elastycznego materia\u0142u TR, kt\u00f3ry zapewnia wyj\u0105tkow\u0105 lekko\u015b\u0107 i trwa\u0142o\u015b\u0107. Oprawki maj\u0105 klasyczny kszta\u0142t i uniwersaln\u0105 kolorystyk\u0119, dzi\u0119ki czemu s\u0105 doskona\u0142ym wyborem dla dzieci poszukuj\u0105cych po\u0142\u0105czenia komfortu i estetyki.<\/p>\n<p><strong>Dane techniczne:<\/strong><br \/>\n\u2022 Szeroko\u015b\u0107 soczewki: 50 mm.<br \/>\n\u2022 Szeroko\u015b\u0107 mostka: 16 mm.<br \/>\n\u2022 D\u0142ugo\u015b\u0107 zausznika: 125 mm.<br \/>\n\u2022 Materia\u0142 oprawy: TR.<br \/>\n\u2022 Kolor: C6.<br \/>\n\u2022 Rodzaj oprawy: pe\u0142na.<br \/>\n\u2022 Zawiasy: klasyczne.<\/p>\n<p><strong>Dlaczego warto wybra\u0107 model OC122 C6?<\/strong><br \/>\n\u2022 Lekki i elastyczny materia\u0142 TR zapewniaj\u0105cy wygod\u0119.<br \/>\n\u2022 Klasyczny kszta\u0142t dopasowany do dzieci\u0119cej twarzy.<br \/>\n\u2022 Uniwersalna kolorystyka odpowiednia na co dzie\u0144.<br \/>\n\u2022 Komfortowe nawet przy wielogodzinnym noszeniu.<\/p>\n","protected":false},"excerpt":{"rendered":"<p>OC122 C6 \u2013 elastyczno\u015b\u0107 TR i klasyczny design Model OC122 C6 wykonany zosta\u0142 z elastycznego materia\u0142u TR, kt\u00f3ry zapewnia wyj\u0105tkow\u0105 lekko\u015b\u0107 i trwa\u0142o\u015b\u0107. Oprawki maj\u0105 klasyczny kszta\u0142t i uniwersaln\u0105 kolorystyk\u0119, dzi\u0119ki czemu s\u0105 doskona\u0142ym wyborem dla dzieci poszukuj\u0105cych po\u0142\u0105czenia komfortu i estetyki. Dane techniczne: \u2022 Szeroko\u015b\u0107 soczewki: 50 mm. \u2022 Szeroko\u015b\u0107 mostka: 16 mm. \u2022 [&hellip;]<\/p>\n","protected":false},"featured_media":9145,"comment_status":"open","ping_status":"closed","template":"","meta":{"_acf_changed":false},"product_brand":[],"product_cat":[116,103,50],"product_tag":[106,115,112,105,117,114,111,110],"class_list":{"0":"post-8281","1":"product","2":"type-product","3":"status-publish","4":"has-post-thumbnail","6":"product_cat-dzieciece","7":"product_cat-okulary-korekcyjne-z-nakladka","8":"product_cat-okulary-korekcyjne","9":"product_tag-nakladki-na-okulary","10":"product_tag-okulary-2w-1","11":"product_tag-okulary-2w1-clip-on","12":"product_tag-okulary-clip-on","13":"product_tag-okulary-dzieciece","14":"product_tag-okulary-korekcyjne-z-nakladka","15":"product_tag-okulary-z-filtrem-uv","16":"product_tag-okulary-z-polaryzacja","18":"first","19":"onbackorder","20":"shipping-taxable","21":"purchasable","22":"product-type-simple"},"acf":[],"_links":{"self":[{"href":"https:\/\/www.strzodowie.pl\/sklep\/wp-json\/wp\/v2\/product\/8281","targetHints":{"allow":["GET"]}}],"collection":[{"href":"https:\/\/www.strzodowie.pl\/sklep\/wp-json\/wp\/v2\/product"}],"about":[{"href":"https:\/\/www.strzodowie.pl\/sklep\/wp-json\/wp\/v2\/types\/product"}],"replies":[{"embeddable":true,"href":"https:\/\/www.strzodowie.pl\/sklep\/wp-json\/wp\/v2\/comments?post=8281"}],"wp:featuredmedia":[{"embeddable":true,"href":"https:\/\/www.strzodowie.pl\/sklep\/wp-json\/wp\/v2\/media\/9145"}],"wp:attachment":[{"href":"https:\/\/www.strzodowie.pl\/sklep\/wp-json\/wp\/v2\/media?parent=8281"}],"wp:term":[{"taxonomy":"product_brand","embeddable":true,"href":"https:\/\/www.strzodowie.pl\/sklep\/wp-json\/wp\/v2\/product_brand?post=8281"},{"taxonomy":"product_cat","embeddable":true,"href":"https:\/\/www.strzodowie.pl\/sklep\/wp-json\/wp\/v2\/product_cat?post=8281"},{"taxonomy":"product_tag","embeddable":true,"href":"https:\/\/www.strzodowie.pl\/sklep\/wp-json\/wp\/v2\/product_tag?post=8281"}],"curies":[{"name":"wp","href":"https:\/\/api.w.org\/{rel}","templated":true}]}}