{"id":8274,"date":"2025-08-29T13:37:17","date_gmt":"2025-08-29T11:37:17","guid":{"rendered":"https:\/\/www.strzodowie.pl\/sklep\/?post_type=product&#038;p=8274"},"modified":"2026-02-06T14:23:50","modified_gmt":"2026-02-06T13:23:50","slug":"orange-oc520-c6","status":"publish","type":"product","link":"https:\/\/www.strzodowie.pl\/sklep\/product\/orange-oc520-c6\/","title":{"rendered":"Orange OC520 C6"},"content":{"rendered":"<h3 class=\"western\">OC520 C6 \u2013 kompaktowy model dla najm\u0142odszych<\/h3>\n<p>Model OC520 C6 to najmniejszy z prezentowanych modeli, zaprojektowany z my\u015bl\u0105 o m\u0142odszych dzieciach. Metalowa oprawa jest lekka i odporna na codzienne u\u017cytkowanie, a klasyczny kszta\u0142t i stonowana kolorystyka czyni\u0105 j\u0105 uniwersaln\u0105 propozycj\u0105 dla ka\u017cdego dziecka.<\/p>\n<p><strong>Dane techniczne:<\/strong><br \/>\n\u2022 Szeroko\u015b\u0107 soczewki: 44 mm.<br \/>\n\u2022 Szeroko\u015b\u0107 mostka: 17 mm.<br \/>\n\u2022 D\u0142ugo\u015b\u0107 zausznika: 120 mm.<br \/>\n\u2022 Materia\u0142 oprawy: metal.<br \/>\n\u2022 Kolor: C6.<br \/>\n\u2022 Rodzaj oprawy: pe\u0142na.<br \/>\n\u2022 Zawiasy: klasyczne.<\/p>\n<p><strong>Dlaczego warto wybra\u0107 model OC520 C6?<\/strong><br \/>\n\u2022 Doskona\u0142e dopasowanie do mniejszych twarzy.<br \/>\n\u2022 Lekka i trwa\u0142a konstrukcja.<br \/>\n\u2022 Bezpieczne i komfortowe dla m\u0142odszych dzieci.<br \/>\n\u2022 Uniwersalny wygl\u0105d pasuj\u0105cy do ka\u017cdego stylu.<\/p>\n","protected":false},"excerpt":{"rendered":"<p>OC520 C6 \u2013 kompaktowy model dla najm\u0142odszych Model OC520 C6 to najmniejszy z prezentowanych modeli, zaprojektowany z my\u015bl\u0105 o m\u0142odszych dzieciach. Metalowa oprawa jest lekka i odporna na codzienne u\u017cytkowanie, a klasyczny kszta\u0142t i stonowana kolorystyka czyni\u0105 j\u0105 uniwersaln\u0105 propozycj\u0105 dla ka\u017cdego dziecka. Dane techniczne: \u2022 Szeroko\u015b\u0107 soczewki: 44 mm. \u2022 Szeroko\u015b\u0107 mostka: 17 mm. [&hellip;]<\/p>\n","protected":false},"featured_media":9155,"comment_status":"open","ping_status":"closed","template":"","meta":{"_acf_changed":false},"product_brand":[],"product_cat":[116,103,50],"product_tag":[106,115,112,105,117,114,111,110],"class_list":{"0":"post-8274","1":"product","2":"type-product","3":"status-publish","4":"has-post-thumbnail","6":"product_cat-dzieciece","7":"product_cat-okulary-korekcyjne-z-nakladka","8":"product_cat-okulary-korekcyjne","9":"product_tag-nakladki-na-okulary","10":"product_tag-okulary-2w-1","11":"product_tag-okulary-2w1-clip-on","12":"product_tag-okulary-clip-on","13":"product_tag-okulary-dzieciece","14":"product_tag-okulary-korekcyjne-z-nakladka","15":"product_tag-okulary-z-filtrem-uv","16":"product_tag-okulary-z-polaryzacja","18":"first","19":"onbackorder","20":"shipping-taxable","21":"purchasable","22":"product-type-simple"},"acf":[],"_links":{"self":[{"href":"https:\/\/www.strzodowie.pl\/sklep\/wp-json\/wp\/v2\/product\/8274","targetHints":{"allow":["GET"]}}],"collection":[{"href":"https:\/\/www.strzodowie.pl\/sklep\/wp-json\/wp\/v2\/product"}],"about":[{"href":"https:\/\/www.strzodowie.pl\/sklep\/wp-json\/wp\/v2\/types\/product"}],"replies":[{"embeddable":true,"href":"https:\/\/www.strzodowie.pl\/sklep\/wp-json\/wp\/v2\/comments?post=8274"}],"wp:featuredmedia":[{"embeddable":true,"href":"https:\/\/www.strzodowie.pl\/sklep\/wp-json\/wp\/v2\/media\/9155"}],"wp:attachment":[{"href":"https:\/\/www.strzodowie.pl\/sklep\/wp-json\/wp\/v2\/media?parent=8274"}],"wp:term":[{"taxonomy":"product_brand","embeddable":true,"href":"https:\/\/www.strzodowie.pl\/sklep\/wp-json\/wp\/v2\/product_brand?post=8274"},{"taxonomy":"product_cat","embeddable":true,"href":"https:\/\/www.strzodowie.pl\/sklep\/wp-json\/wp\/v2\/product_cat?post=8274"},{"taxonomy":"product_tag","embeddable":true,"href":"https:\/\/www.strzodowie.pl\/sklep\/wp-json\/wp\/v2\/product_tag?post=8274"}],"curies":[{"name":"wp","href":"https:\/\/api.w.org\/{rel}","templated":true}]}}