{"id":8267,"date":"2025-08-29T13:27:56","date_gmt":"2025-08-29T11:27:56","guid":{"rendered":"https:\/\/www.strzodowie.pl\/sklep\/?post_type=product&#038;p=8267"},"modified":"2026-02-06T14:24:24","modified_gmt":"2026-02-06T13:24:24","slug":"orange-oc212-c10","status":"publish","type":"product","link":"https:\/\/www.strzodowie.pl\/sklep\/product\/orange-oc212-c10\/","title":{"rendered":"Orange OC212 C10"},"content":{"rendered":"<h3 data-start=\"351\" data-end=\"408\">OC212 C10 \u2013 lekko\u015b\u0107 i delikatno\u015b\u0107 w dziewcz\u0119cym stylu<\/h3>\n<p data-start=\"410\" data-end=\"736\">Model OC212 C10 to oprawki stworzone z my\u015bl\u0105 o dziewczynkach, kt\u00f3re ceni\u0105 sobie subtelny i elegancki wygl\u0105d. Cienka, metalowa konstrukcja w po\u0142\u0105czeniu z ciep\u0142ym odcieniem pomara\u0144czu tworzy lekk\u0105 i nowoczesn\u0105 form\u0119. To idealny wyb\u00f3r dla m\u0142odszych i starszych dziewczynek szukaj\u0105cych stylowych, a jednocze\u015bnie wygodnych oprawek.<\/p>\n<p data-start=\"738\" data-end=\"945\"><strong data-start=\"738\" data-end=\"758\">Dane techniczne:<\/strong><br data-start=\"758\" data-end=\"761\" \/>\u2022 Szeroko\u015b\u0107 soczewki: 48 mm.<br data-start=\"789\" data-end=\"792\" \/>\u2022 Szeroko\u015b\u0107 mostka: 16 mm.<br data-start=\"818\" data-end=\"821\" \/>\u2022 D\u0142ugo\u015b\u0107 zausznika: 127 mm.<br data-start=\"849\" data-end=\"852\" \/>\u2022 Materia\u0142 oprawy: metal.<br data-start=\"877\" data-end=\"880\" \/>\u2022 Kolor: C10.<br data-start=\"893\" data-end=\"896\" \/>\u2022 Rodzaj oprawy: pe\u0142na.<br data-start=\"919\" data-end=\"922\" \/>\u2022 Zawiasy: klasyczne.<\/p>\n<p data-start=\"947\" data-end=\"1178\"><strong data-start=\"947\" data-end=\"989\">Dlaczego warto wybra\u0107 model OC212 C10?<\/strong><br data-start=\"989\" data-end=\"992\" \/>\u2022 Delikatny, dziewcz\u0119cy design w nowoczesnym stylu.<br data-start=\"1043\" data-end=\"1046\" \/>\u2022 Lekka konstrukcja z trwa\u0142ego metalu.<br data-start=\"1084\" data-end=\"1087\" \/>\u2022 Doskona\u0142e dopasowanie do dzieci\u0119cej twarzy.<br data-start=\"1132\" data-end=\"1135\" \/>\u2022 Komfortowe w noszeniu przez ca\u0142y dzie\u0144.<\/p>\n","protected":false},"excerpt":{"rendered":"<p>OC212 C10 \u2013 lekko\u015b\u0107 i delikatno\u015b\u0107 w dziewcz\u0119cym stylu Model OC212 C10 to oprawki stworzone z my\u015bl\u0105 o dziewczynkach, kt\u00f3re ceni\u0105 sobie subtelny i elegancki wygl\u0105d. Cienka, metalowa konstrukcja w po\u0142\u0105czeniu z ciep\u0142ym odcieniem pomara\u0144czu tworzy lekk\u0105 i nowoczesn\u0105 form\u0119. To idealny wyb\u00f3r dla m\u0142odszych i starszych dziewczynek szukaj\u0105cych stylowych, a jednocze\u015bnie wygodnych oprawek. Dane [&hellip;]<\/p>\n","protected":false},"featured_media":9157,"comment_status":"open","ping_status":"closed","template":"","meta":{"_acf_changed":false},"product_brand":[],"product_cat":[116,103,50],"product_tag":[106,115,112,105,117,114,111,110],"class_list":{"0":"post-8267","1":"product","2":"type-product","3":"status-publish","4":"has-post-thumbnail","6":"product_cat-dzieciece","7":"product_cat-okulary-korekcyjne-z-nakladka","8":"product_cat-okulary-korekcyjne","9":"product_tag-nakladki-na-okulary","10":"product_tag-okulary-2w-1","11":"product_tag-okulary-2w1-clip-on","12":"product_tag-okulary-clip-on","13":"product_tag-okulary-dzieciece","14":"product_tag-okulary-korekcyjne-z-nakladka","15":"product_tag-okulary-z-filtrem-uv","16":"product_tag-okulary-z-polaryzacja","18":"first","19":"onbackorder","20":"shipping-taxable","21":"purchasable","22":"product-type-simple"},"acf":[],"_links":{"self":[{"href":"https:\/\/www.strzodowie.pl\/sklep\/wp-json\/wp\/v2\/product\/8267","targetHints":{"allow":["GET"]}}],"collection":[{"href":"https:\/\/www.strzodowie.pl\/sklep\/wp-json\/wp\/v2\/product"}],"about":[{"href":"https:\/\/www.strzodowie.pl\/sklep\/wp-json\/wp\/v2\/types\/product"}],"replies":[{"embeddable":true,"href":"https:\/\/www.strzodowie.pl\/sklep\/wp-json\/wp\/v2\/comments?post=8267"}],"wp:featuredmedia":[{"embeddable":true,"href":"https:\/\/www.strzodowie.pl\/sklep\/wp-json\/wp\/v2\/media\/9157"}],"wp:attachment":[{"href":"https:\/\/www.strzodowie.pl\/sklep\/wp-json\/wp\/v2\/media?parent=8267"}],"wp:term":[{"taxonomy":"product_brand","embeddable":true,"href":"https:\/\/www.strzodowie.pl\/sklep\/wp-json\/wp\/v2\/product_brand?post=8267"},{"taxonomy":"product_cat","embeddable":true,"href":"https:\/\/www.strzodowie.pl\/sklep\/wp-json\/wp\/v2\/product_cat?post=8267"},{"taxonomy":"product_tag","embeddable":true,"href":"https:\/\/www.strzodowie.pl\/sklep\/wp-json\/wp\/v2\/product_tag?post=8267"}],"curies":[{"name":"wp","href":"https:\/\/api.w.org\/{rel}","templated":true}]}}