{"id":8253,"date":"2025-08-29T11:44:49","date_gmt":"2025-08-29T09:44:49","guid":{"rendered":"https:\/\/www.strzodowie.pl\/sklep\/?post_type=product&#038;p=8253"},"modified":"2026-02-06T13:21:44","modified_gmt":"2026-02-06T12:21:44","slug":"orange-oc153-c3","status":"publish","type":"product","link":"https:\/\/www.strzodowie.pl\/sklep\/product\/orange-oc153-c3\/","title":{"rendered":"Orange OC153 C3"},"content":{"rendered":"<h3 class=\"western\"><strong>Orange OC153 C3 \u2013 smuk\u0142e, wygodne i wytrzyma\u0142e<\/strong><\/h3>\n<p>Model OC153 C3 to dzieci\u0119ce oprawki, kt\u00f3re \u0142\u0105cz\u0105 smuk\u0142\u0105 lini\u0119 i wysok\u0105 odporno\u015b\u0107 na zniszczenia. Materia\u0142 TR90 czyni je lekkimi i elastycznymi, idealnymi na d\u0142ugie dni w szkole, na placu zabaw czy w podr\u00f3\u017cy.<\/p>\n<p><strong>Dane techniczne:<\/strong><\/p>\n<ul>\n<li>Szeroko\u015b\u0107 soczewki (tarcza): 48 mm<\/li>\n<li>Szeroko\u015b\u0107 mostka: 16 mm<\/li>\n<li>D\u0142ugo\u015b\u0107 zausznika: 128 mm<\/li>\n<li>Materia\u0142 oprawy: TR90<\/li>\n<li>Kolor: C3<\/li>\n<li>Rodzaj oprawy: pe\u0142na<\/li>\n<li>Zawiasy: klasyczne<\/li>\n<\/ul>\n<p><strong>Dlaczego warto wybra\u0107 Orange OC153 C3?<\/strong><\/p>\n<ul>\n<li>Lekkie, gi\u0119tkie i bardzo wygodne<\/li>\n<li>Idealne dla aktywnych dzieci<\/li>\n<li>Dopasowany kszta\u0142t \u2013 nie uciska i nie zsuwa si\u0119<\/li>\n<li>Trwa\u0142o\u015b\u0107 na lata codziennego u\u017cytkowania<\/li>\n<\/ul>\n","protected":false},"excerpt":{"rendered":"<p>Orange OC153 C3 \u2013 smuk\u0142e, wygodne i wytrzyma\u0142e Model OC153 C3 to dzieci\u0119ce oprawki, kt\u00f3re \u0142\u0105cz\u0105 smuk\u0142\u0105 lini\u0119 i wysok\u0105 odporno\u015b\u0107 na zniszczenia. Materia\u0142 TR90 czyni je lekkimi i elastycznymi, idealnymi na d\u0142ugie dni w szkole, na placu zabaw czy w podr\u00f3\u017cy. Dane techniczne: Szeroko\u015b\u0107 soczewki (tarcza): 48 mm Szeroko\u015b\u0107 mostka: 16 mm D\u0142ugo\u015b\u0107 zausznika: [&hellip;]<\/p>\n","protected":false},"featured_media":9139,"comment_status":"open","ping_status":"closed","template":"","meta":{"_acf_changed":false},"product_brand":[],"product_cat":[116,103,50],"product_tag":[106,115,112,105,117,114,111,110],"class_list":{"0":"post-8253","1":"product","2":"type-product","3":"status-publish","4":"has-post-thumbnail","6":"product_cat-dzieciece","7":"product_cat-okulary-korekcyjne-z-nakladka","8":"product_cat-okulary-korekcyjne","9":"product_tag-nakladki-na-okulary","10":"product_tag-okulary-2w-1","11":"product_tag-okulary-2w1-clip-on","12":"product_tag-okulary-clip-on","13":"product_tag-okulary-dzieciece","14":"product_tag-okulary-korekcyjne-z-nakladka","15":"product_tag-okulary-z-filtrem-uv","16":"product_tag-okulary-z-polaryzacja","18":"first","19":"onbackorder","20":"shipping-taxable","21":"purchasable","22":"product-type-simple"},"acf":[],"_links":{"self":[{"href":"https:\/\/www.strzodowie.pl\/sklep\/wp-json\/wp\/v2\/product\/8253","targetHints":{"allow":["GET"]}}],"collection":[{"href":"https:\/\/www.strzodowie.pl\/sklep\/wp-json\/wp\/v2\/product"}],"about":[{"href":"https:\/\/www.strzodowie.pl\/sklep\/wp-json\/wp\/v2\/types\/product"}],"replies":[{"embeddable":true,"href":"https:\/\/www.strzodowie.pl\/sklep\/wp-json\/wp\/v2\/comments?post=8253"}],"wp:featuredmedia":[{"embeddable":true,"href":"https:\/\/www.strzodowie.pl\/sklep\/wp-json\/wp\/v2\/media\/9139"}],"wp:attachment":[{"href":"https:\/\/www.strzodowie.pl\/sklep\/wp-json\/wp\/v2\/media?parent=8253"}],"wp:term":[{"taxonomy":"product_brand","embeddable":true,"href":"https:\/\/www.strzodowie.pl\/sklep\/wp-json\/wp\/v2\/product_brand?post=8253"},{"taxonomy":"product_cat","embeddable":true,"href":"https:\/\/www.strzodowie.pl\/sklep\/wp-json\/wp\/v2\/product_cat?post=8253"},{"taxonomy":"product_tag","embeddable":true,"href":"https:\/\/www.strzodowie.pl\/sklep\/wp-json\/wp\/v2\/product_tag?post=8253"}],"curies":[{"name":"wp","href":"https:\/\/api.w.org\/{rel}","templated":true}]}}