{"id":8246,"date":"2025-08-29T11:31:09","date_gmt":"2025-08-29T09:31:09","guid":{"rendered":"https:\/\/www.strzodowie.pl\/sklep\/?post_type=product&#038;p=8246"},"modified":"2026-02-06T13:22:13","modified_gmt":"2026-02-06T12:22:13","slug":"orange-oc160-c3","status":"publish","type":"product","link":"https:\/\/www.strzodowie.pl\/sklep\/product\/orange-oc160-c3\/","title":{"rendered":"Orange OC160 C3"},"content":{"rendered":"<h3 class=\"western\"><strong>Orange OC160 C3 \u2013 klasyka w dzieci\u0119cej wersji<\/strong><\/h3>\n<p>Model OC160 C3 to oprawki o prostym, ponadczasowym kszta\u0142cie i dzieci\u0119cej kolorystyce. Wykonane z tworzywa TR90, s\u0105 lekkie, odporne na uderzenia i bardzo wygodne \u2013 zaprojektowane z my\u015bl\u0105 o maksymalnej funkcjonalno\u015bci.<\/p>\n<p><strong>Dane techniczne:<\/strong><\/p>\n<ul>\n<li>Szeroko\u015b\u0107 soczewki (tarcza): 48 mm<\/li>\n<li>Szeroko\u015b\u0107 mostka: 18 mm<\/li>\n<li>D\u0142ugo\u015b\u0107 zausznika: 135 mm<\/li>\n<li>Materia\u0142 oprawy: TR90<\/li>\n<li>Kolor: C3<\/li>\n<li>Rodzaj oprawy: pe\u0142na<\/li>\n<li>Zawiasy: klasyczne<\/li>\n<\/ul>\n<p><strong>Dlaczego warto wybra\u0107 Orange OC160 C3?<\/strong><\/p>\n<ul>\n<li>Lekka i wygodna konstrukcja<\/li>\n<li>Klasyczny kszta\u0142t w wersji dzieci\u0119cej<\/li>\n<li>Bezpieczne i trwa\u0142e tworzywo TR90<\/li>\n<li>Uniwersalne, neutralne kolory<\/li>\n<\/ul>\n","protected":false},"excerpt":{"rendered":"<p>Orange OC160 C3 \u2013 klasyka w dzieci\u0119cej wersji Model OC160 C3 to oprawki o prostym, ponadczasowym kszta\u0142cie i dzieci\u0119cej kolorystyce. Wykonane z tworzywa TR90, s\u0105 lekkie, odporne na uderzenia i bardzo wygodne \u2013 zaprojektowane z my\u015bl\u0105 o maksymalnej funkcjonalno\u015bci. Dane techniczne: Szeroko\u015b\u0107 soczewki (tarcza): 48 mm Szeroko\u015b\u0107 mostka: 18 mm D\u0142ugo\u015b\u0107 zausznika: 135 mm Materia\u0142 [&hellip;]<\/p>\n","protected":false},"featured_media":9141,"comment_status":"open","ping_status":"closed","template":"","meta":{"_acf_changed":false},"product_brand":[],"product_cat":[116,103,50],"product_tag":[106,115,112,117,114,111,110],"class_list":{"0":"post-8246","1":"product","2":"type-product","3":"status-publish","4":"has-post-thumbnail","6":"product_cat-dzieciece","7":"product_cat-okulary-korekcyjne-z-nakladka","8":"product_cat-okulary-korekcyjne","9":"product_tag-nakladki-na-okulary","10":"product_tag-okulary-2w-1","11":"product_tag-okulary-2w1-clip-on","12":"product_tag-okulary-dzieciece","13":"product_tag-okulary-korekcyjne-z-nakladka","14":"product_tag-okulary-z-filtrem-uv","15":"product_tag-okulary-z-polaryzacja","17":"first","18":"onbackorder","19":"shipping-taxable","20":"purchasable","21":"product-type-simple"},"acf":[],"_links":{"self":[{"href":"https:\/\/www.strzodowie.pl\/sklep\/wp-json\/wp\/v2\/product\/8246","targetHints":{"allow":["GET"]}}],"collection":[{"href":"https:\/\/www.strzodowie.pl\/sklep\/wp-json\/wp\/v2\/product"}],"about":[{"href":"https:\/\/www.strzodowie.pl\/sklep\/wp-json\/wp\/v2\/types\/product"}],"replies":[{"embeddable":true,"href":"https:\/\/www.strzodowie.pl\/sklep\/wp-json\/wp\/v2\/comments?post=8246"}],"wp:featuredmedia":[{"embeddable":true,"href":"https:\/\/www.strzodowie.pl\/sklep\/wp-json\/wp\/v2\/media\/9141"}],"wp:attachment":[{"href":"https:\/\/www.strzodowie.pl\/sklep\/wp-json\/wp\/v2\/media?parent=8246"}],"wp:term":[{"taxonomy":"product_brand","embeddable":true,"href":"https:\/\/www.strzodowie.pl\/sklep\/wp-json\/wp\/v2\/product_brand?post=8246"},{"taxonomy":"product_cat","embeddable":true,"href":"https:\/\/www.strzodowie.pl\/sklep\/wp-json\/wp\/v2\/product_cat?post=8246"},{"taxonomy":"product_tag","embeddable":true,"href":"https:\/\/www.strzodowie.pl\/sklep\/wp-json\/wp\/v2\/product_tag?post=8246"}],"curies":[{"name":"wp","href":"https:\/\/api.w.org\/{rel}","templated":true}]}}