{"id":8236,"date":"2025-08-22T15:16:17","date_gmt":"2025-08-22T13:16:17","guid":{"rendered":"https:\/\/www.strzodowie.pl\/sklep\/?post_type=product&#038;p=8236"},"modified":"2026-02-06T14:25:00","modified_gmt":"2026-02-06T13:25:00","slug":"orange-oc501-c7","status":"publish","type":"product","link":"https:\/\/www.strzodowie.pl\/sklep\/product\/orange-oc501-c7\/","title":{"rendered":"Orange OC501 C7"},"content":{"rendered":"<h3 class=\"western\"><strong>Orange OC501 C7 \u2013 wygoda dla aktywnych dzieci<\/strong><\/h3>\n<p>OC501 C7 to model stworzony z my\u015bl\u0105 o ruchliwych dzieciach \u2013 odporny na wyginanie, upadki i intensywne u\u017cytkowanie. Dzi\u0119ki lekkiej konstrukcji z TR90 i przemy\u015blanemu kszta\u0142towi, oprawki \u015bwietnie le\u017c\u0105 i nie zsuwaj\u0105 si\u0119 z nosa.<\/p>\n<p><strong>Dane techniczne:<\/strong><\/p>\n<ul>\n<li>Szeroko\u015b\u0107 soczewki (tarcza): 45 mm<\/li>\n<li>Szeroko\u015b\u0107 mostka: 18 mm<\/li>\n<li>D\u0142ugo\u015b\u0107 zausznika: 125 mm<\/li>\n<li>Materia\u0142 oprawy: TR90<\/li>\n<li>Kolor: C7<\/li>\n<li>Rodzaj oprawy: pe\u0142na<\/li>\n<li>Zawiasy: bezpieczny\/180 stopni<\/li>\n<\/ul>\n<p><strong>Dlaczego warto wybra\u0107 Orange OC501 C7?<\/strong><\/p>\n<ul>\n<li>Superlekki i wytrzyma\u0142y TR90<\/li>\n<li>Kompaktowy rozmiar \u2013 idealny dla m\u0142odszych dzieci<\/li>\n<li>Komfortowe dopasowanie przez ca\u0142y dzie\u0144<\/li>\n<li>Kolorowy, weso\u0142y wygl\u0105d<\/li>\n<\/ul>\n","protected":false},"excerpt":{"rendered":"<p>Orange OC501 C7 \u2013 wygoda dla aktywnych dzieci OC501 C7 to model stworzony z my\u015bl\u0105 o ruchliwych dzieciach \u2013 odporny na wyginanie, upadki i intensywne u\u017cytkowanie. Dzi\u0119ki lekkiej konstrukcji z TR90 i przemy\u015blanemu kszta\u0142towi, oprawki \u015bwietnie le\u017c\u0105 i nie zsuwaj\u0105 si\u0119 z nosa. Dane techniczne: Szeroko\u015b\u0107 soczewki (tarcza): 45 mm Szeroko\u015b\u0107 mostka: 18 mm D\u0142ugo\u015b\u0107 [&hellip;]<\/p>\n","protected":false},"featured_media":9159,"comment_status":"open","ping_status":"closed","template":"","meta":{"_acf_changed":false},"product_brand":[],"product_cat":[116,103,50],"product_tag":[106,115,112,117,114,111,110],"class_list":{"0":"post-8236","1":"product","2":"type-product","3":"status-publish","4":"has-post-thumbnail","6":"product_cat-dzieciece","7":"product_cat-okulary-korekcyjne-z-nakladka","8":"product_cat-okulary-korekcyjne","9":"product_tag-nakladki-na-okulary","10":"product_tag-okulary-2w-1","11":"product_tag-okulary-2w1-clip-on","12":"product_tag-okulary-dzieciece","13":"product_tag-okulary-korekcyjne-z-nakladka","14":"product_tag-okulary-z-filtrem-uv","15":"product_tag-okulary-z-polaryzacja","17":"first","18":"onbackorder","19":"shipping-taxable","20":"purchasable","21":"product-type-simple"},"acf":[],"_links":{"self":[{"href":"https:\/\/www.strzodowie.pl\/sklep\/wp-json\/wp\/v2\/product\/8236","targetHints":{"allow":["GET"]}}],"collection":[{"href":"https:\/\/www.strzodowie.pl\/sklep\/wp-json\/wp\/v2\/product"}],"about":[{"href":"https:\/\/www.strzodowie.pl\/sklep\/wp-json\/wp\/v2\/types\/product"}],"replies":[{"embeddable":true,"href":"https:\/\/www.strzodowie.pl\/sklep\/wp-json\/wp\/v2\/comments?post=8236"}],"wp:featuredmedia":[{"embeddable":true,"href":"https:\/\/www.strzodowie.pl\/sklep\/wp-json\/wp\/v2\/media\/9159"}],"wp:attachment":[{"href":"https:\/\/www.strzodowie.pl\/sklep\/wp-json\/wp\/v2\/media?parent=8236"}],"wp:term":[{"taxonomy":"product_brand","embeddable":true,"href":"https:\/\/www.strzodowie.pl\/sklep\/wp-json\/wp\/v2\/product_brand?post=8236"},{"taxonomy":"product_cat","embeddable":true,"href":"https:\/\/www.strzodowie.pl\/sklep\/wp-json\/wp\/v2\/product_cat?post=8236"},{"taxonomy":"product_tag","embeddable":true,"href":"https:\/\/www.strzodowie.pl\/sklep\/wp-json\/wp\/v2\/product_tag?post=8236"}],"curies":[{"name":"wp","href":"https:\/\/api.w.org\/{rel}","templated":true}]}}