{"id":8229,"date":"2025-08-22T15:01:28","date_gmt":"2025-08-22T13:01:28","guid":{"rendered":"https:\/\/www.strzodowie.pl\/sklep\/?post_type=product&#038;p=8229"},"modified":"2026-02-06T14:25:29","modified_gmt":"2026-02-06T13:25:29","slug":"orange-oc542-c6","status":"publish","type":"product","link":"https:\/\/www.strzodowie.pl\/sklep\/product\/orange-oc542-c6\/","title":{"rendered":"Orange OC542 C6"},"content":{"rendered":"<h3 class=\"western\"><strong>Orange OC542 C6 \u2013 ma\u0142e oprawki, du\u017ca wygoda<\/strong><\/h3>\n<p>Oprawki OC542 C6 zaprojektowano specjalnie dla m\u0142odszych dzieci. Ich niewielki rozmiar doskonale dopasowuje si\u0119 do dzieci\u0119cej buzi, a elastyczny materia\u0142 TR90 zapewnia odporno\u015b\u0107 na codzienne przygody.<\/p>\n<p><strong>Dane techniczne:<\/strong><\/p>\n<ul>\n<li>Szeroko\u015b\u0107 soczewki (tarcza): 46 mm<\/li>\n<li>Szeroko\u015b\u0107 mostka: 18 mm<\/li>\n<li>D\u0142ugo\u015b\u0107 zausznika: 120 mm<\/li>\n<li>Materia\u0142 oprawy: TR90<\/li>\n<li>Kolor: C6<\/li>\n<li>Rodzaj oprawy: pe\u0142na<\/li>\n<li>Zawiasy: klasyczne<\/li>\n<\/ul>\n<p><strong>Dlaczego warto wybra\u0107 Orange OC542 C6?<\/strong><\/p>\n<ul>\n<li>Idealne dla najm\u0142odszych u\u017cytkownik\u00f3w<\/li>\n<li>Ma\u0142e, lekkie, komfortowe<\/li>\n<li>Odporne na wyginanie i p\u0119kni\u0119cia<\/li>\n<li>Bezpieczne w codziennym u\u017cytkowaniu<\/li>\n<\/ul>\n","protected":false},"excerpt":{"rendered":"<p>Orange OC542 C6 \u2013 ma\u0142e oprawki, du\u017ca wygoda Oprawki OC542 C6 zaprojektowano specjalnie dla m\u0142odszych dzieci. Ich niewielki rozmiar doskonale dopasowuje si\u0119 do dzieci\u0119cej buzi, a elastyczny materia\u0142 TR90 zapewnia odporno\u015b\u0107 na codzienne przygody. Dane techniczne: Szeroko\u015b\u0107 soczewki (tarcza): 46 mm Szeroko\u015b\u0107 mostka: 18 mm D\u0142ugo\u015b\u0107 zausznika: 120 mm Materia\u0142 oprawy: TR90 Kolor: C6 Rodzaj [&hellip;]<\/p>\n","protected":false},"featured_media":9161,"comment_status":"open","ping_status":"closed","template":"","meta":{"_acf_changed":false},"product_brand":[],"product_cat":[116,103,50],"product_tag":[106,115,112,117,114,111,110],"class_list":{"0":"post-8229","1":"product","2":"type-product","3":"status-publish","4":"has-post-thumbnail","6":"product_cat-dzieciece","7":"product_cat-okulary-korekcyjne-z-nakladka","8":"product_cat-okulary-korekcyjne","9":"product_tag-nakladki-na-okulary","10":"product_tag-okulary-2w-1","11":"product_tag-okulary-2w1-clip-on","12":"product_tag-okulary-dzieciece","13":"product_tag-okulary-korekcyjne-z-nakladka","14":"product_tag-okulary-z-filtrem-uv","15":"product_tag-okulary-z-polaryzacja","17":"first","18":"onbackorder","19":"shipping-taxable","20":"purchasable","21":"product-type-simple"},"acf":[],"_links":{"self":[{"href":"https:\/\/www.strzodowie.pl\/sklep\/wp-json\/wp\/v2\/product\/8229","targetHints":{"allow":["GET"]}}],"collection":[{"href":"https:\/\/www.strzodowie.pl\/sklep\/wp-json\/wp\/v2\/product"}],"about":[{"href":"https:\/\/www.strzodowie.pl\/sklep\/wp-json\/wp\/v2\/types\/product"}],"replies":[{"embeddable":true,"href":"https:\/\/www.strzodowie.pl\/sklep\/wp-json\/wp\/v2\/comments?post=8229"}],"wp:featuredmedia":[{"embeddable":true,"href":"https:\/\/www.strzodowie.pl\/sklep\/wp-json\/wp\/v2\/media\/9161"}],"wp:attachment":[{"href":"https:\/\/www.strzodowie.pl\/sklep\/wp-json\/wp\/v2\/media?parent=8229"}],"wp:term":[{"taxonomy":"product_brand","embeddable":true,"href":"https:\/\/www.strzodowie.pl\/sklep\/wp-json\/wp\/v2\/product_brand?post=8229"},{"taxonomy":"product_cat","embeddable":true,"href":"https:\/\/www.strzodowie.pl\/sklep\/wp-json\/wp\/v2\/product_cat?post=8229"},{"taxonomy":"product_tag","embeddable":true,"href":"https:\/\/www.strzodowie.pl\/sklep\/wp-json\/wp\/v2\/product_tag?post=8229"}],"curies":[{"name":"wp","href":"https:\/\/api.w.org\/{rel}","templated":true}]}}