{"id":8222,"date":"2025-08-22T14:58:04","date_gmt":"2025-08-22T12:58:04","guid":{"rendered":"https:\/\/www.strzodowie.pl\/sklep\/?post_type=product&#038;p=8222"},"modified":"2026-02-06T14:26:01","modified_gmt":"2026-02-06T13:26:01","slug":"orange-oc661-c6","status":"publish","type":"product","link":"https:\/\/www.strzodowie.pl\/sklep\/product\/orange-oc661-c6\/","title":{"rendered":"Orange OC661 C6"},"content":{"rendered":"<h3 class=\"western\"><strong>Orange OC661 C6 \u2013 elastyczno\u015b\u0107, kt\u00f3rej dziecko potrzebuje<\/strong><\/h3>\n<p>Model OC661 C6 to wyj\u0105tkowo praktyczne oprawki dzieci\u0119ce wykonane z TR90 \u2013 materia\u0142u odpornego na odkszta\u0142cenia i z\u0142amania, idealnego dla aktywnych dzieci. Zgrabny kszta\u0142t i neutralna kolorystyka pasuj\u0105 zar\u00f3wno dla ch\u0142opc\u00f3w, jak i dziewczynek.<\/p>\n<p><strong>Dane techniczne:<\/strong><\/p>\n<ul>\n<li>Szeroko\u015b\u0107 soczewki (tarcza): 48 mm<\/li>\n<li>Szeroko\u015b\u0107 mostka: 17 mm<\/li>\n<li>D\u0142ugo\u015b\u0107 zausznika: 135 mm<\/li>\n<li>Materia\u0142 oprawy: TR90<\/li>\n<li>Kolor: C6<\/li>\n<li>Rodzaj oprawy: pe\u0142na<\/li>\n<li>Zawiasy: klasyczne<\/li>\n<\/ul>\n<p><strong>Dlaczego warto wybra\u0107 Orange OC661 C6?<\/strong><\/p>\n<ul>\n<li>TR90 \u2013 bezpieczny i odporny materia\u0142<\/li>\n<li>Dopasowany kszta\u0142t zapewniaj\u0105cy wygod\u0119<\/li>\n<li>Lekka konstrukcja \u2013 dziecko prawie nie czuje oprawek<\/li>\n<li>Estetyka i trwa\u0142o\u015b\u0107 w jednym<\/li>\n<\/ul>\n","protected":false},"excerpt":{"rendered":"<p>Orange OC661 C6 \u2013 elastyczno\u015b\u0107, kt\u00f3rej dziecko potrzebuje Model OC661 C6 to wyj\u0105tkowo praktyczne oprawki dzieci\u0119ce wykonane z TR90 \u2013 materia\u0142u odpornego na odkszta\u0142cenia i z\u0142amania, idealnego dla aktywnych dzieci. Zgrabny kszta\u0142t i neutralna kolorystyka pasuj\u0105 zar\u00f3wno dla ch\u0142opc\u00f3w, jak i dziewczynek. Dane techniczne: Szeroko\u015b\u0107 soczewki (tarcza): 48 mm Szeroko\u015b\u0107 mostka: 17 mm D\u0142ugo\u015b\u0107 zausznika: [&hellip;]<\/p>\n","protected":false},"featured_media":9163,"comment_status":"open","ping_status":"closed","template":"","meta":{"_acf_changed":false},"product_brand":[],"product_cat":[116,103,50],"product_tag":[106,115,112,117,114,111,110],"class_list":{"0":"post-8222","1":"product","2":"type-product","3":"status-publish","4":"has-post-thumbnail","6":"product_cat-dzieciece","7":"product_cat-okulary-korekcyjne-z-nakladka","8":"product_cat-okulary-korekcyjne","9":"product_tag-nakladki-na-okulary","10":"product_tag-okulary-2w-1","11":"product_tag-okulary-2w1-clip-on","12":"product_tag-okulary-dzieciece","13":"product_tag-okulary-korekcyjne-z-nakladka","14":"product_tag-okulary-z-filtrem-uv","15":"product_tag-okulary-z-polaryzacja","17":"first","18":"onbackorder","19":"shipping-taxable","20":"purchasable","21":"product-type-simple"},"acf":[],"_links":{"self":[{"href":"https:\/\/www.strzodowie.pl\/sklep\/wp-json\/wp\/v2\/product\/8222","targetHints":{"allow":["GET"]}}],"collection":[{"href":"https:\/\/www.strzodowie.pl\/sklep\/wp-json\/wp\/v2\/product"}],"about":[{"href":"https:\/\/www.strzodowie.pl\/sklep\/wp-json\/wp\/v2\/types\/product"}],"replies":[{"embeddable":true,"href":"https:\/\/www.strzodowie.pl\/sklep\/wp-json\/wp\/v2\/comments?post=8222"}],"wp:featuredmedia":[{"embeddable":true,"href":"https:\/\/www.strzodowie.pl\/sklep\/wp-json\/wp\/v2\/media\/9163"}],"wp:attachment":[{"href":"https:\/\/www.strzodowie.pl\/sklep\/wp-json\/wp\/v2\/media?parent=8222"}],"wp:term":[{"taxonomy":"product_brand","embeddable":true,"href":"https:\/\/www.strzodowie.pl\/sklep\/wp-json\/wp\/v2\/product_brand?post=8222"},{"taxonomy":"product_cat","embeddable":true,"href":"https:\/\/www.strzodowie.pl\/sklep\/wp-json\/wp\/v2\/product_cat?post=8222"},{"taxonomy":"product_tag","embeddable":true,"href":"https:\/\/www.strzodowie.pl\/sklep\/wp-json\/wp\/v2\/product_tag?post=8222"}],"curies":[{"name":"wp","href":"https:\/\/api.w.org\/{rel}","templated":true}]}}