{"id":8215,"date":"2025-08-22T14:26:38","date_gmt":"2025-08-22T12:26:38","guid":{"rendered":"https:\/\/www.strzodowie.pl\/sklep\/?post_type=product&#038;p=8215"},"modified":"2026-02-06T14:27:38","modified_gmt":"2026-02-06T13:27:38","slug":"orange-oc719-c7","status":"publish","type":"product","link":"https:\/\/www.strzodowie.pl\/sklep\/product\/orange-oc719-c7\/","title":{"rendered":"Orange OC719 C7"},"content":{"rendered":"<h3 class=\"western\"><strong>Orange OC719 C7 \u2013 dzieci\u0119ca wygoda w lekkim stylu<\/strong><\/h3>\n<p>Model Orange OC719 C7 to oprawki stworzone z my\u015bl\u0105 o najm\u0142odszych u\u017cytkownikach \u2013 \u0142\u0105cz\u0105ce funkcjonalno\u015b\u0107, bezpiecze\u0144stwo i nowoczesny design. Klasyczny, lekko zaokr\u0105glony kszta\u0142t dobrze uk\u0142ada si\u0119 na dzieci\u0119cej twarzy, nie zaburzaj\u0105c proporcji.<\/p>\n<p>Wykonane z materia\u0142u TR90 \u2013 lekkiego, elastycznego i odpornego na zarysowania \u2013 gwarantuj\u0105 wygod\u0119 nawet przez ca\u0142y dzie\u0144.<\/p>\n<p><strong>Dane techniczne:<\/strong><\/p>\n<ul>\n<li>Szeroko\u015b\u0107 soczewki (tarcza): 51 mm<\/li>\n<li>Szeroko\u015b\u0107 mostka: 16 mm<\/li>\n<li>D\u0142ugo\u015b\u0107 zausznika: 135 mm<\/li>\n<li>Materia\u0142 oprawy: TR90 (termoplastyczne, elastyczne tworzywo)<\/li>\n<li>Kolor: C7<\/li>\n<li>Rodzaj oprawy: pe\u0142na<\/li>\n<li>Zawiasy: klasyczne<\/li>\n<\/ul>\n<p><strong>Dlaczego warto wybra\u0107 Orange OC719 C7?<\/strong><\/p>\n<ul>\n<li>Wyj\u0105tkowo lekkie i elastyczne \u2013 idealne dla dzieci<\/li>\n<li>Nowoczesny, uniwersalny kszta\u0142t<\/li>\n<li>Odporne na z\u0142amania i zarysowania<\/li>\n<li>Komfort i bezpiecze\u0144stwo na co dzie\u0144<\/li>\n<\/ul>\n","protected":false},"excerpt":{"rendered":"<p>Orange OC719 C7 \u2013 dzieci\u0119ca wygoda w lekkim stylu Model Orange OC719 C7 to oprawki stworzone z my\u015bl\u0105 o najm\u0142odszych u\u017cytkownikach \u2013 \u0142\u0105cz\u0105ce funkcjonalno\u015b\u0107, bezpiecze\u0144stwo i nowoczesny design. Klasyczny, lekko zaokr\u0105glony kszta\u0142t dobrze uk\u0142ada si\u0119 na dzieci\u0119cej twarzy, nie zaburzaj\u0105c proporcji. Wykonane z materia\u0142u TR90 \u2013 lekkiego, elastycznego i odpornego na zarysowania \u2013 gwarantuj\u0105 wygod\u0119 [&hellip;]<\/p>\n","protected":false},"featured_media":9167,"comment_status":"open","ping_status":"closed","template":"","meta":{"_acf_changed":false},"product_brand":[],"product_cat":[116,103,50],"product_tag":[106,115,112,105,117,114,111,110],"class_list":{"0":"post-8215","1":"product","2":"type-product","3":"status-publish","4":"has-post-thumbnail","6":"product_cat-dzieciece","7":"product_cat-okulary-korekcyjne-z-nakladka","8":"product_cat-okulary-korekcyjne","9":"product_tag-nakladki-na-okulary","10":"product_tag-okulary-2w-1","11":"product_tag-okulary-2w1-clip-on","12":"product_tag-okulary-clip-on","13":"product_tag-okulary-dzieciece","14":"product_tag-okulary-korekcyjne-z-nakladka","15":"product_tag-okulary-z-filtrem-uv","16":"product_tag-okulary-z-polaryzacja","18":"first","19":"onbackorder","20":"shipping-taxable","21":"purchasable","22":"product-type-simple"},"acf":[],"_links":{"self":[{"href":"https:\/\/www.strzodowie.pl\/sklep\/wp-json\/wp\/v2\/product\/8215","targetHints":{"allow":["GET"]}}],"collection":[{"href":"https:\/\/www.strzodowie.pl\/sklep\/wp-json\/wp\/v2\/product"}],"about":[{"href":"https:\/\/www.strzodowie.pl\/sklep\/wp-json\/wp\/v2\/types\/product"}],"replies":[{"embeddable":true,"href":"https:\/\/www.strzodowie.pl\/sklep\/wp-json\/wp\/v2\/comments?post=8215"}],"wp:featuredmedia":[{"embeddable":true,"href":"https:\/\/www.strzodowie.pl\/sklep\/wp-json\/wp\/v2\/media\/9167"}],"wp:attachment":[{"href":"https:\/\/www.strzodowie.pl\/sklep\/wp-json\/wp\/v2\/media?parent=8215"}],"wp:term":[{"taxonomy":"product_brand","embeddable":true,"href":"https:\/\/www.strzodowie.pl\/sklep\/wp-json\/wp\/v2\/product_brand?post=8215"},{"taxonomy":"product_cat","embeddable":true,"href":"https:\/\/www.strzodowie.pl\/sklep\/wp-json\/wp\/v2\/product_cat?post=8215"},{"taxonomy":"product_tag","embeddable":true,"href":"https:\/\/www.strzodowie.pl\/sklep\/wp-json\/wp\/v2\/product_tag?post=8215"}],"curies":[{"name":"wp","href":"https:\/\/api.w.org\/{rel}","templated":true}]}}