{"id":8207,"date":"2025-08-22T12:59:28","date_gmt":"2025-08-22T10:59:28","guid":{"rendered":"https:\/\/www.strzodowie.pl\/sklep\/?post_type=product&#038;p=8207"},"modified":"2026-02-06T15:09:03","modified_gmt":"2026-02-06T14:09:03","slug":"bergman-bc145-c8","status":"publish","type":"product","link":"https:\/\/www.strzodowie.pl\/sklep\/product\/bergman-bc145-c8\/","title":{"rendered":"Bergman BC145 C8"},"content":{"rendered":"<h3 data-start=\"2109\" data-end=\"2168\"><strong data-start=\"2113\" data-end=\"2168\">Bergman BC145 C8 \u2013 kompaktowy styl dla wymagaj\u0105cych<\/strong><\/h3>\n<p data-start=\"2170\" data-end=\"2416\">Model BC145 C8 to propozycja dla os\u00f3b poszukuj\u0105cych subtelnych, kompaktowych oprawek wykonanych z lekkiego materia\u0142u Ultem. Smuk\u0142a forma, mniejsze wymiary i nowoczesna linia sprawiaj\u0105, \u017ce model ten idealnie sprawdzi si\u0119 na drobniejszych twarzach.<\/p>\n<p data-start=\"2418\" data-end=\"2547\">Kolorystyka C8 to stonowany, elegancki wyb\u00f3r, kt\u00f3ry w po\u0142\u0105czeniu z ergonomiczn\u0105 konstrukcj\u0105 zapewnia komfort i styl ka\u017cdego dnia.<\/p>\n<p data-start=\"2549\" data-end=\"2569\"><strong data-start=\"2549\" data-end=\"2569\">Dane techniczne:<\/strong><\/p>\n<ul data-start=\"2570\" data-end=\"2775\">\n<li data-start=\"2570\" data-end=\"2608\">\n<p data-start=\"2572\" data-end=\"2608\">Szeroko\u015b\u0107 soczewki (tarcza): 51 mm<\/p>\n<\/li>\n<li data-start=\"2609\" data-end=\"2636\">\n<p data-start=\"2611\" data-end=\"2636\">Szeroko\u015b\u0107 mostka: 16 mm<\/p>\n<\/li>\n<li data-start=\"2637\" data-end=\"2666\">\n<p data-start=\"2639\" data-end=\"2666\">D\u0142ugo\u015b\u0107 zausznika: 145 mm<\/p>\n<\/li>\n<li data-start=\"2667\" data-end=\"2693\">\n<p data-start=\"2669\" data-end=\"2693\">Materia\u0142 oprawy: Ultem<\/p>\n<\/li>\n<li data-start=\"2694\" data-end=\"2707\">\n<p data-start=\"2696\" data-end=\"2707\">Kolor: C8<\/p>\n<\/li>\n<li data-start=\"2708\" data-end=\"2732\">\n<p data-start=\"2710\" data-end=\"2732\">Rodzaj oprawy: pe\u0142na<\/p>\n<\/li>\n<li data-start=\"2733\" data-end=\"2775\">\n<p data-start=\"2735\" data-end=\"2775\">Zawiasy: klasyczne (elastyczny materia\u0142)<\/p>\n<\/li>\n<\/ul>\n<p data-start=\"2777\" data-end=\"2820\"><strong data-start=\"2777\" data-end=\"2820\">Dlaczego warto wybra\u0107 Bergman BC145 C8?<\/strong><\/p>\n<ul data-start=\"2821\" data-end=\"2998\">\n<li data-start=\"2821\" data-end=\"2860\">\n<p data-start=\"2823\" data-end=\"2860\">Lekka, elastyczna konstrukcja Ultem<\/p>\n<\/li>\n<li data-start=\"2861\" data-end=\"2916\">\n<p data-start=\"2863\" data-end=\"2916\">Mniejszy rozmiar \u2013 idealny dla drobniejszych twarzy<\/p>\n<\/li>\n<li data-start=\"2917\" data-end=\"2962\">\n<p data-start=\"2919\" data-end=\"2962\">Nowoczesny design i neutralna kolorystyka<\/p>\n<\/li>\n<li data-start=\"2963\" data-end=\"2998\">\n<p data-start=\"2965\" data-end=\"2998\">Komfort noszenia przez ca\u0142y dzie\u0144<\/p>\n<\/li>\n<\/ul>\n","protected":false},"excerpt":{"rendered":"<p>Bergman BC145 C8 \u2013 kompaktowy styl dla wymagaj\u0105cych Model BC145 C8 to propozycja dla os\u00f3b poszukuj\u0105cych subtelnych, kompaktowych oprawek wykonanych z lekkiego materia\u0142u Ultem. Smuk\u0142a forma, mniejsze wymiary i nowoczesna linia sprawiaj\u0105, \u017ce model ten idealnie sprawdzi si\u0119 na drobniejszych twarzach. Kolorystyka C8 to stonowany, elegancki wyb\u00f3r, kt\u00f3ry w po\u0142\u0105czeniu z ergonomiczn\u0105 konstrukcj\u0105 zapewnia komfort [&hellip;]<\/p>\n","protected":false},"featured_media":9171,"comment_status":"open","ping_status":"closed","template":"","meta":{"_acf_changed":false},"product_brand":[],"product_cat":[103,50],"product_tag":[106,115,112,105,114,111,110],"class_list":{"0":"post-8207","1":"product","2":"type-product","3":"status-publish","4":"has-post-thumbnail","6":"product_cat-okulary-korekcyjne-z-nakladka","7":"product_cat-okulary-korekcyjne","8":"product_tag-nakladki-na-okulary","9":"product_tag-okulary-2w-1","10":"product_tag-okulary-2w1-clip-on","11":"product_tag-okulary-clip-on","12":"product_tag-okulary-korekcyjne-z-nakladka","13":"product_tag-okulary-z-filtrem-uv","14":"product_tag-okulary-z-polaryzacja","16":"first","17":"onbackorder","18":"shipping-taxable","19":"purchasable","20":"product-type-simple"},"acf":[],"_links":{"self":[{"href":"https:\/\/www.strzodowie.pl\/sklep\/wp-json\/wp\/v2\/product\/8207","targetHints":{"allow":["GET"]}}],"collection":[{"href":"https:\/\/www.strzodowie.pl\/sklep\/wp-json\/wp\/v2\/product"}],"about":[{"href":"https:\/\/www.strzodowie.pl\/sklep\/wp-json\/wp\/v2\/types\/product"}],"replies":[{"embeddable":true,"href":"https:\/\/www.strzodowie.pl\/sklep\/wp-json\/wp\/v2\/comments?post=8207"}],"wp:featuredmedia":[{"embeddable":true,"href":"https:\/\/www.strzodowie.pl\/sklep\/wp-json\/wp\/v2\/media\/9171"}],"wp:attachment":[{"href":"https:\/\/www.strzodowie.pl\/sklep\/wp-json\/wp\/v2\/media?parent=8207"}],"wp:term":[{"taxonomy":"product_brand","embeddable":true,"href":"https:\/\/www.strzodowie.pl\/sklep\/wp-json\/wp\/v2\/product_brand?post=8207"},{"taxonomy":"product_cat","embeddable":true,"href":"https:\/\/www.strzodowie.pl\/sklep\/wp-json\/wp\/v2\/product_cat?post=8207"},{"taxonomy":"product_tag","embeddable":true,"href":"https:\/\/www.strzodowie.pl\/sklep\/wp-json\/wp\/v2\/product_tag?post=8207"}],"curies":[{"name":"wp","href":"https:\/\/api.w.org\/{rel}","templated":true}]}}