{"id":8192,"date":"2025-08-22T12:35:00","date_gmt":"2025-08-22T10:35:00","guid":{"rendered":"https:\/\/www.strzodowie.pl\/sklep\/?post_type=product&#038;p=8192"},"modified":"2026-02-06T15:10:07","modified_gmt":"2026-02-06T14:10:07","slug":"bergman-bc419-c6","status":"publish","type":"product","link":"https:\/\/www.strzodowie.pl\/sklep\/product\/bergman-bc419-c6\/","title":{"rendered":"Bergman BC419 C6"},"content":{"rendered":"<h3 data-start=\"1182\" data-end=\"1256\"><strong data-start=\"1186\" data-end=\"1256\">Bergman BC419 C6 \u2013 lekko\u015b\u0107 i elastyczno\u015b\u0107 dzi\u0119ki technologii Ultem<\/strong><\/h3>\n<p data-start=\"1258\" data-end=\"1493\">Bergman BC419 C6 to model stworzony z my\u015bl\u0105 o u\u017cytkownikach, kt\u00f3rzy ceni\u0105 sobie wygod\u0119, lekko\u015b\u0107 i trwa\u0142o\u015b\u0107. Wykonane z ultralekkiego materia\u0142u Ultem oprawki s\u0105 niemal niewyczuwalne podczas noszenia, co czyni je idealnymi na d\u0142ugie dni.<\/p>\n<p data-start=\"1495\" data-end=\"1655\">Design modelu BC419 \u0142\u0105czy prostot\u0119 z nowoczesno\u015bci\u0105 \u2013 smuk\u0142a linia i uniwersalna kolorystyka C6 sprawiaj\u0105, \u017ce pasuj\u0105 do niemal ka\u017cdego typu twarzy i stylizacji.<\/p>\n<p data-start=\"1657\" data-end=\"1677\"><strong data-start=\"1657\" data-end=\"1677\">Dane techniczne:<\/strong><\/p>\n<ul data-start=\"1678\" data-end=\"1886\">\n<li data-start=\"1678\" data-end=\"1716\">\n<p data-start=\"1680\" data-end=\"1716\">Szeroko\u015b\u0107 soczewki (tarcza): 53 mm<\/p>\n<\/li>\n<li data-start=\"1717\" data-end=\"1744\">\n<p data-start=\"1719\" data-end=\"1744\">Szeroko\u015b\u0107 mostka: 17 mm<\/p>\n<\/li>\n<li data-start=\"1745\" data-end=\"1774\">\n<p data-start=\"1747\" data-end=\"1774\">D\u0142ugo\u015b\u0107 zausznika: 145 mm<\/p>\n<\/li>\n<li data-start=\"1775\" data-end=\"1801\">\n<p data-start=\"1777\" data-end=\"1801\">Materia\u0142 oprawy: Ultem<\/p>\n<\/li>\n<li data-start=\"1802\" data-end=\"1815\">\n<p data-start=\"1804\" data-end=\"1815\">Kolor: C6<\/p>\n<\/li>\n<li data-start=\"1816\" data-end=\"1840\">\n<p data-start=\"1818\" data-end=\"1840\">Rodzaj oprawy: pe\u0142na<\/p>\n<\/li>\n<li data-start=\"1841\" data-end=\"1886\">\n<p data-start=\"1843\" data-end=\"1886\">Zawiasy: klasyczne (elastyczna konstrukcja)<\/p>\n<\/li>\n<\/ul>\n<p data-start=\"1888\" data-end=\"1931\"><strong data-start=\"1888\" data-end=\"1931\">Dlaczego warto wybra\u0107 Bergman BC419 C6?<\/strong><\/p>\n<ul data-start=\"1932\" data-end=\"2102\">\n<li data-start=\"1932\" data-end=\"1981\">\n<p data-start=\"1934\" data-end=\"1981\">Ultralekki i bardzo wytrzyma\u0142y materia\u0142 Ultem<\/p>\n<\/li>\n<li data-start=\"1982\" data-end=\"2021\">\n<p data-start=\"1984\" data-end=\"2021\">Komfort noszenia przez wiele godzin<\/p>\n<\/li>\n<li data-start=\"2022\" data-end=\"2052\">\n<p data-start=\"2024\" data-end=\"2052\">Stylowy, nowoczesny wygl\u0105d<\/p>\n<\/li>\n<li data-start=\"2053\" data-end=\"2102\">\n<p data-start=\"2055\" data-end=\"2102\">Uniwersalna kolorystyka pasuj\u0105ca do wszystkiego<\/p>\n<\/li>\n<\/ul>\n","protected":false},"excerpt":{"rendered":"<p>Bergman BC419 C6 \u2013 lekko\u015b\u0107 i elastyczno\u015b\u0107 dzi\u0119ki technologii Ultem Bergman BC419 C6 to model stworzony z my\u015bl\u0105 o u\u017cytkownikach, kt\u00f3rzy ceni\u0105 sobie wygod\u0119, lekko\u015b\u0107 i trwa\u0142o\u015b\u0107. Wykonane z ultralekkiego materia\u0142u Ultem oprawki s\u0105 niemal niewyczuwalne podczas noszenia, co czyni je idealnymi na d\u0142ugie dni. Design modelu BC419 \u0142\u0105czy prostot\u0119 z nowoczesno\u015bci\u0105 \u2013 smuk\u0142a linia [&hellip;]<\/p>\n","protected":false},"featured_media":9175,"comment_status":"open","ping_status":"closed","template":"","meta":{"_acf_changed":false},"product_brand":[],"product_cat":[103,50],"product_tag":[106,115,112,105,114,111,110],"class_list":{"0":"post-8192","1":"product","2":"type-product","3":"status-publish","4":"has-post-thumbnail","6":"product_cat-okulary-korekcyjne-z-nakladka","7":"product_cat-okulary-korekcyjne","8":"product_tag-nakladki-na-okulary","9":"product_tag-okulary-2w-1","10":"product_tag-okulary-2w1-clip-on","11":"product_tag-okulary-clip-on","12":"product_tag-okulary-korekcyjne-z-nakladka","13":"product_tag-okulary-z-filtrem-uv","14":"product_tag-okulary-z-polaryzacja","16":"first","17":"onbackorder","18":"shipping-taxable","19":"purchasable","20":"product-type-simple"},"acf":[],"_links":{"self":[{"href":"https:\/\/www.strzodowie.pl\/sklep\/wp-json\/wp\/v2\/product\/8192","targetHints":{"allow":["GET"]}}],"collection":[{"href":"https:\/\/www.strzodowie.pl\/sklep\/wp-json\/wp\/v2\/product"}],"about":[{"href":"https:\/\/www.strzodowie.pl\/sklep\/wp-json\/wp\/v2\/types\/product"}],"replies":[{"embeddable":true,"href":"https:\/\/www.strzodowie.pl\/sklep\/wp-json\/wp\/v2\/comments?post=8192"}],"wp:featuredmedia":[{"embeddable":true,"href":"https:\/\/www.strzodowie.pl\/sklep\/wp-json\/wp\/v2\/media\/9175"}],"wp:attachment":[{"href":"https:\/\/www.strzodowie.pl\/sklep\/wp-json\/wp\/v2\/media?parent=8192"}],"wp:term":[{"taxonomy":"product_brand","embeddable":true,"href":"https:\/\/www.strzodowie.pl\/sklep\/wp-json\/wp\/v2\/product_brand?post=8192"},{"taxonomy":"product_cat","embeddable":true,"href":"https:\/\/www.strzodowie.pl\/sklep\/wp-json\/wp\/v2\/product_cat?post=8192"},{"taxonomy":"product_tag","embeddable":true,"href":"https:\/\/www.strzodowie.pl\/sklep\/wp-json\/wp\/v2\/product_tag?post=8192"}],"curies":[{"name":"wp","href":"https:\/\/api.w.org\/{rel}","templated":true}]}}