{"id":8183,"date":"2025-08-22T12:10:48","date_gmt":"2025-08-22T10:10:48","guid":{"rendered":"https:\/\/www.strzodowie.pl\/sklep\/?post_type=product&#038;p=8183"},"modified":"2026-02-06T15:11:05","modified_gmt":"2026-02-06T14:11:05","slug":"bergman-bc614-c5","status":"publish","type":"product","link":"https:\/\/www.strzodowie.pl\/sklep\/product\/bergman-bc614-c5\/","title":{"rendered":"Bergman BC614 C5"},"content":{"rendered":"<h3 data-start=\"3807\" data-end=\"3862\"><strong data-start=\"3811\" data-end=\"3862\">Bergman BC614 C5 \u2013 subtelno\u015b\u0107 i wygoda w jednym<\/strong><\/h3>\n<p data-start=\"3864\" data-end=\"4095\">Model BC614 C5 to idealna propozycja dla os\u00f3b szukaj\u0105cych lekkich, zgrabnych oprawek, kt\u00f3re podkre\u015bl\u0105 naturalne rysy twarzy. Smuk\u0142a konstrukcja oraz subtelny kolor sprawiaj\u0105, \u017ce model ten doskonale komponuje si\u0119 z ka\u017cd\u0105 stylizacj\u0105.<\/p>\n<p data-start=\"4097\" data-end=\"4271\">Oprawki wykonano z trwa\u0142ego ultemu, co gwarantuje nie tylko estetyczny wygl\u0105d, ale i wygod\u0119 noszenia przez ca\u0142y dzie\u0144. Doskona\u0142e dla os\u00f3b ceni\u0105cych minimalizm i praktyczno\u015b\u0107.<\/p>\n<p data-start=\"4273\" data-end=\"4293\"><strong data-start=\"4273\" data-end=\"4293\">Dane techniczne:<\/strong><\/p>\n<ul data-start=\"4294\" data-end=\"4477\">\n<li data-start=\"4294\" data-end=\"4332\">\n<p data-start=\"4296\" data-end=\"4332\">Szeroko\u015b\u0107 soczewki (tarcza): 53 mm<\/p>\n<\/li>\n<li data-start=\"4333\" data-end=\"4360\">\n<p data-start=\"4335\" data-end=\"4360\">Szeroko\u015b\u0107 mostka: 17 mm<\/p>\n<\/li>\n<li data-start=\"4361\" data-end=\"4390\">\n<p data-start=\"4363\" data-end=\"4390\">D\u0142ugo\u015b\u0107 zausznika: 145 mm<\/p>\n<\/li>\n<li data-start=\"4391\" data-end=\"4417\">\n<p data-start=\"4393\" data-end=\"4417\">Materia\u0142 oprawy: ultem<\/p>\n<\/li>\n<li data-start=\"4418\" data-end=\"4431\">\n<p data-start=\"4420\" data-end=\"4431\">Kolor: C5<\/p>\n<\/li>\n<li data-start=\"4432\" data-end=\"4456\">\n<p data-start=\"4434\" data-end=\"4456\">Rodzaj oprawy: pe\u0142na<\/p>\n<\/li>\n<li data-start=\"4457\" data-end=\"4477\">\n<p data-start=\"4459\" data-end=\"4477\">Zawiasy: klasyczne<\/p>\n<\/li>\n<\/ul>\n<p data-start=\"4479\" data-end=\"4522\"><strong data-start=\"4479\" data-end=\"4522\">Dlaczego warto wybra\u0107 Bergman BC614 C5?<\/strong><\/p>\n<ul data-start=\"4523\" data-end=\"4680\">\n<li data-start=\"4523\" data-end=\"4577\">\n<p data-start=\"4525\" data-end=\"4577\">Subtelny design dopasowany do delikatniejszych rys\u00f3w<\/p>\n<\/li>\n<li data-start=\"4578\" data-end=\"4610\">\n<p data-start=\"4580\" data-end=\"4610\">Komfortowa i lekka konstrukcja<\/p>\n<\/li>\n<li data-start=\"4611\" data-end=\"4645\">\n<p data-start=\"4613\" data-end=\"4645\">Doskona\u0142e na co dzie\u0144 i do pracy<\/p>\n<\/li>\n<li data-start=\"4646\" data-end=\"4680\">\n<p data-start=\"4648\" data-end=\"4680\">\u015awietna jako\u015b\u0107 w rozs\u0105dnej cenie<\/p>\n<\/li>\n<\/ul>\n","protected":false},"excerpt":{"rendered":"<p>Bergman BC614 C5 \u2013 subtelno\u015b\u0107 i wygoda w jednym Model BC614 C5 to idealna propozycja dla os\u00f3b szukaj\u0105cych lekkich, zgrabnych oprawek, kt\u00f3re podkre\u015bl\u0105 naturalne rysy twarzy. Smuk\u0142a konstrukcja oraz subtelny kolor sprawiaj\u0105, \u017ce model ten doskonale komponuje si\u0119 z ka\u017cd\u0105 stylizacj\u0105. Oprawki wykonano z trwa\u0142ego ultemu, co gwarantuje nie tylko estetyczny wygl\u0105d, ale i wygod\u0119 [&hellip;]<\/p>\n","protected":false},"featured_media":9179,"comment_status":"open","ping_status":"closed","template":"","meta":{"_acf_changed":false},"product_brand":[],"product_cat":[103,50],"product_tag":[106,115,112,105,114,111,110],"class_list":{"0":"post-8183","1":"product","2":"type-product","3":"status-publish","4":"has-post-thumbnail","6":"product_cat-okulary-korekcyjne-z-nakladka","7":"product_cat-okulary-korekcyjne","8":"product_tag-nakladki-na-okulary","9":"product_tag-okulary-2w-1","10":"product_tag-okulary-2w1-clip-on","11":"product_tag-okulary-clip-on","12":"product_tag-okulary-korekcyjne-z-nakladka","13":"product_tag-okulary-z-filtrem-uv","14":"product_tag-okulary-z-polaryzacja","16":"first","17":"onbackorder","18":"shipping-taxable","19":"purchasable","20":"product-type-simple"},"acf":[],"_links":{"self":[{"href":"https:\/\/www.strzodowie.pl\/sklep\/wp-json\/wp\/v2\/product\/8183","targetHints":{"allow":["GET"]}}],"collection":[{"href":"https:\/\/www.strzodowie.pl\/sklep\/wp-json\/wp\/v2\/product"}],"about":[{"href":"https:\/\/www.strzodowie.pl\/sklep\/wp-json\/wp\/v2\/types\/product"}],"replies":[{"embeddable":true,"href":"https:\/\/www.strzodowie.pl\/sklep\/wp-json\/wp\/v2\/comments?post=8183"}],"wp:featuredmedia":[{"embeddable":true,"href":"https:\/\/www.strzodowie.pl\/sklep\/wp-json\/wp\/v2\/media\/9179"}],"wp:attachment":[{"href":"https:\/\/www.strzodowie.pl\/sklep\/wp-json\/wp\/v2\/media?parent=8183"}],"wp:term":[{"taxonomy":"product_brand","embeddable":true,"href":"https:\/\/www.strzodowie.pl\/sklep\/wp-json\/wp\/v2\/product_brand?post=8183"},{"taxonomy":"product_cat","embeddable":true,"href":"https:\/\/www.strzodowie.pl\/sklep\/wp-json\/wp\/v2\/product_cat?post=8183"},{"taxonomy":"product_tag","embeddable":true,"href":"https:\/\/www.strzodowie.pl\/sklep\/wp-json\/wp\/v2\/product_tag?post=8183"}],"curies":[{"name":"wp","href":"https:\/\/api.w.org\/{rel}","templated":true}]}}