{"id":8175,"date":"2025-08-22T11:56:40","date_gmt":"2025-08-22T09:56:40","guid":{"rendered":"https:\/\/www.strzodowie.pl\/sklep\/?post_type=product&#038;p=8175"},"modified":"2026-02-06T15:11:32","modified_gmt":"2026-02-06T14:11:32","slug":"bergman-bc717-c10","status":"publish","type":"product","link":"https:\/\/www.strzodowie.pl\/sklep\/product\/bergman-bc717-c10\/","title":{"rendered":"Bergman BC717 C10"},"content":{"rendered":"<h3 data-start=\"2962\" data-end=\"3031\"><strong data-start=\"2966\" data-end=\"3031\">Bergman BC717 C10 \u2013 klasyczna elegancja z nowoczesnym twistem<\/strong><\/h3>\n<p data-start=\"3033\" data-end=\"3240\">BC717 C10 to model, kt\u00f3ry \u0142\u0105czy ponadczasow\u0105 form\u0119 z nowoczesnym wyko\u0144czeniem. Idealne dla os\u00f3b, kt\u00f3re szukaj\u0105 stylowych, ale stonowanych oprawek do codziennego noszenia \u2013 w pracy, szkole czy na spotkaniach.<\/p>\n<p data-start=\"3242\" data-end=\"3413\">Oprawki wykonano z trwa\u0142ego metalu w kolorze C10 \u2013 uniwersalnym i dopasowuj\u0105cym si\u0119 do wielu typ\u00f3w urody. Komfort noszenia i solidne wykonanie to g\u0142\u00f3wne atuty tego modelu.<\/p>\n<p data-start=\"3415\" data-end=\"3435\"><strong data-start=\"3415\" data-end=\"3435\">Dane techniczne:<\/strong><\/p>\n<ul data-start=\"3436\" data-end=\"3620\">\n<li data-start=\"3436\" data-end=\"3474\">\n<p data-start=\"3438\" data-end=\"3474\">Szeroko\u015b\u0107 soczewki (tarcza): 55 mm<\/p>\n<\/li>\n<li data-start=\"3475\" data-end=\"3502\">\n<p data-start=\"3477\" data-end=\"3502\">Szeroko\u015b\u0107 mostka: 17 mm<\/p>\n<\/li>\n<li data-start=\"3503\" data-end=\"3532\">\n<p data-start=\"3505\" data-end=\"3532\">D\u0142ugo\u015b\u0107 zausznika: 145 mm<\/p>\n<\/li>\n<li data-start=\"3533\" data-end=\"3559\">\n<p data-start=\"3535\" data-end=\"3559\">Materia\u0142 oprawy: metal<\/p>\n<\/li>\n<li data-start=\"3560\" data-end=\"3574\">\n<p data-start=\"3562\" data-end=\"3574\">Kolor: C10<\/p>\n<\/li>\n<li data-start=\"3575\" data-end=\"3599\">\n<p data-start=\"3577\" data-end=\"3599\">Rodzaj oprawy: pe\u0142na<\/p>\n<\/li>\n<li data-start=\"3600\" data-end=\"3620\">\n<p data-start=\"3602\" data-end=\"3620\">Zawiasy: klasyczne<\/p>\n<\/li>\n<\/ul>\n<p data-start=\"3622\" data-end=\"3666\"><strong data-start=\"3622\" data-end=\"3666\">Dlaczego warto wybra\u0107 Bergman BC717 C10?<\/strong><\/p>\n<ul data-start=\"3667\" data-end=\"3800\">\n<li data-start=\"3667\" data-end=\"3714\">\n<p data-start=\"3669\" data-end=\"3714\">Klasyczny styl dopasowany do r\u00f3\u017cnych sytuacji<\/p>\n<\/li>\n<li data-start=\"3715\" data-end=\"3746\">\n<p data-start=\"3717\" data-end=\"3746\">Solidna, metalowa konstrukcja<\/p>\n<\/li>\n<li data-start=\"3747\" data-end=\"3770\">\n<p data-start=\"3749\" data-end=\"3770\">Lekka i wygodna forma<\/p>\n<\/li>\n<li data-start=\"3771\" data-end=\"3800\">\n<p data-start=\"3773\" data-end=\"3800\">Uniwersalny kolor i kszta\u0142t<\/p>\n<\/li>\n<\/ul>\n","protected":false},"excerpt":{"rendered":"<p>Bergman BC717 C10 \u2013 klasyczna elegancja z nowoczesnym twistem BC717 C10 to model, kt\u00f3ry \u0142\u0105czy ponadczasow\u0105 form\u0119 z nowoczesnym wyko\u0144czeniem. Idealne dla os\u00f3b, kt\u00f3re szukaj\u0105 stylowych, ale stonowanych oprawek do codziennego noszenia \u2013 w pracy, szkole czy na spotkaniach. Oprawki wykonano z trwa\u0142ego metalu w kolorze C10 \u2013 uniwersalnym i dopasowuj\u0105cym si\u0119 do wielu typ\u00f3w [&hellip;]<\/p>\n","protected":false},"featured_media":9181,"comment_status":"open","ping_status":"closed","template":"","meta":{"_acf_changed":false},"product_brand":[],"product_cat":[103,50],"product_tag":[106,115,112,105,114,111,110],"class_list":{"0":"post-8175","1":"product","2":"type-product","3":"status-publish","4":"has-post-thumbnail","6":"product_cat-okulary-korekcyjne-z-nakladka","7":"product_cat-okulary-korekcyjne","8":"product_tag-nakladki-na-okulary","9":"product_tag-okulary-2w-1","10":"product_tag-okulary-2w1-clip-on","11":"product_tag-okulary-clip-on","12":"product_tag-okulary-korekcyjne-z-nakladka","13":"product_tag-okulary-z-filtrem-uv","14":"product_tag-okulary-z-polaryzacja","16":"first","17":"onbackorder","18":"shipping-taxable","19":"purchasable","20":"product-type-simple"},"acf":[],"_links":{"self":[{"href":"https:\/\/www.strzodowie.pl\/sklep\/wp-json\/wp\/v2\/product\/8175","targetHints":{"allow":["GET"]}}],"collection":[{"href":"https:\/\/www.strzodowie.pl\/sklep\/wp-json\/wp\/v2\/product"}],"about":[{"href":"https:\/\/www.strzodowie.pl\/sklep\/wp-json\/wp\/v2\/types\/product"}],"replies":[{"embeddable":true,"href":"https:\/\/www.strzodowie.pl\/sklep\/wp-json\/wp\/v2\/comments?post=8175"}],"wp:featuredmedia":[{"embeddable":true,"href":"https:\/\/www.strzodowie.pl\/sklep\/wp-json\/wp\/v2\/media\/9181"}],"wp:attachment":[{"href":"https:\/\/www.strzodowie.pl\/sklep\/wp-json\/wp\/v2\/media?parent=8175"}],"wp:term":[{"taxonomy":"product_brand","embeddable":true,"href":"https:\/\/www.strzodowie.pl\/sklep\/wp-json\/wp\/v2\/product_brand?post=8175"},{"taxonomy":"product_cat","embeddable":true,"href":"https:\/\/www.strzodowie.pl\/sklep\/wp-json\/wp\/v2\/product_cat?post=8175"},{"taxonomy":"product_tag","embeddable":true,"href":"https:\/\/www.strzodowie.pl\/sklep\/wp-json\/wp\/v2\/product_tag?post=8175"}],"curies":[{"name":"wp","href":"https:\/\/api.w.org\/{rel}","templated":true}]}}