{"id":8161,"date":"2025-08-22T11:39:29","date_gmt":"2025-08-22T09:39:29","guid":{"rendered":"https:\/\/www.strzodowie.pl\/sklep\/?post_type=product&#038;p=8161"},"modified":"2026-02-06T15:12:36","modified_gmt":"2026-02-06T14:12:36","slug":"bergman-nc232-c3","status":"publish","type":"product","link":"https:\/\/www.strzodowie.pl\/sklep\/product\/bergman-nc232-c3\/","title":{"rendered":"Bergman NC232 C3"},"content":{"rendered":"<h3 data-start=\"1214\" data-end=\"1271\"><strong data-start=\"1218\" data-end=\"1271\">Bergman NC232 C3 \u2013 nowoczesna klasyka na co dzie\u0144<\/strong><\/h3>\n<p data-start=\"1273\" data-end=\"1507\">Bergman NC232 C3 to model zaprojektowany z my\u015bl\u0105 o osobach ceni\u0105cych styl, wygod\u0119 i uniwersalno\u015b\u0107. Oprawki wyr\u00f3\u017cniaj\u0105 si\u0119 klasycznym kszta\u0142tem z lekkim zaokr\u0105gleniem, co sprawia, \u017ce idealnie dopasowuj\u0105 si\u0119 do r\u00f3\u017cnych kszta\u0142t\u00f3w twarzy.<\/p>\n<p data-start=\"1509\" data-end=\"1688\">Wykonane z metalu, s\u0105 trwa\u0142e, a zarazem niezwykle lekkie. Subtelny kolor C3 nadaje im elegancji i sprawia, \u017ce pasuj\u0105 zar\u00f3wno do stylizacji codziennych, jak i bardziej oficjalnych.<\/p>\n<p data-start=\"1690\" data-end=\"1710\"><strong data-start=\"1690\" data-end=\"1710\">Dane techniczne:<\/strong><\/p>\n<ul data-start=\"1711\" data-end=\"1894\">\n<li data-start=\"1711\" data-end=\"1749\">\n<p data-start=\"1713\" data-end=\"1749\">Szeroko\u015b\u0107 soczewki (tarcza): 56 mm<\/p>\n<\/li>\n<li data-start=\"1750\" data-end=\"1777\">\n<p data-start=\"1752\" data-end=\"1777\">Szeroko\u015b\u0107 mostka: 16 mm<\/p>\n<\/li>\n<li data-start=\"1778\" data-end=\"1807\">\n<p data-start=\"1780\" data-end=\"1807\">D\u0142ugo\u015b\u0107 zausznika: 145 mm<\/p>\n<\/li>\n<li data-start=\"1808\" data-end=\"1834\">\n<p data-start=\"1810\" data-end=\"1834\">Materia\u0142 oprawy: metal<\/p>\n<\/li>\n<li data-start=\"1835\" data-end=\"1848\">\n<p data-start=\"1837\" data-end=\"1848\">Kolor: C3<\/p>\n<\/li>\n<li data-start=\"1849\" data-end=\"1873\">\n<p data-start=\"1851\" data-end=\"1873\">Rodzaj oprawy: pe\u0142na<\/p>\n<\/li>\n<li data-start=\"1874\" data-end=\"1894\">\n<p data-start=\"1876\" data-end=\"1894\">Zawiasy: klasyczne<\/p>\n<\/li>\n<\/ul>\n<p data-start=\"1896\" data-end=\"1939\"><strong data-start=\"1896\" data-end=\"1939\">Dlaczego warto wybra\u0107 Bergman NC232 C3?<\/strong><\/p>\n<ul data-start=\"1940\" data-end=\"2105\">\n<li data-start=\"1940\" data-end=\"1988\">\n<p data-start=\"1942\" data-end=\"1988\">Elegancki design pasuj\u0105cy do ka\u017cdej stylizacji<\/p>\n<\/li>\n<li data-start=\"1989\" data-end=\"2029\">\n<p data-start=\"1991\" data-end=\"2029\">Metalowa konstrukcja zapewnia trwa\u0142o\u015b\u0107<\/p>\n<\/li>\n<li data-start=\"2030\" data-end=\"2062\">\n<p data-start=\"2032\" data-end=\"2062\">Idealne do szkie\u0142 korekcyjnych<\/p>\n<\/li>\n<li data-start=\"2063\" data-end=\"2105\">\n<p data-start=\"2065\" data-end=\"2105\">Wysoki komfort noszenia przez ca\u0142y dzie\u0144<\/p>\n<\/li>\n<\/ul>\n","protected":false},"excerpt":{"rendered":"<p>Bergman NC232 C3 \u2013 nowoczesna klasyka na co dzie\u0144 Bergman NC232 C3 to model zaprojektowany z my\u015bl\u0105 o osobach ceni\u0105cych styl, wygod\u0119 i uniwersalno\u015b\u0107. Oprawki wyr\u00f3\u017cniaj\u0105 si\u0119 klasycznym kszta\u0142tem z lekkim zaokr\u0105gleniem, co sprawia, \u017ce idealnie dopasowuj\u0105 si\u0119 do r\u00f3\u017cnych kszta\u0142t\u00f3w twarzy. Wykonane z metalu, s\u0105 trwa\u0142e, a zarazem niezwykle lekkie. Subtelny kolor C3 nadaje [&hellip;]<\/p>\n","protected":false},"featured_media":9185,"comment_status":"open","ping_status":"closed","template":"","meta":{"_acf_changed":false},"product_brand":[],"product_cat":[103,50],"product_tag":[106,115,112,105,114,111,110],"class_list":{"0":"post-8161","1":"product","2":"type-product","3":"status-publish","4":"has-post-thumbnail","6":"product_cat-okulary-korekcyjne-z-nakladka","7":"product_cat-okulary-korekcyjne","8":"product_tag-nakladki-na-okulary","9":"product_tag-okulary-2w-1","10":"product_tag-okulary-2w1-clip-on","11":"product_tag-okulary-clip-on","12":"product_tag-okulary-korekcyjne-z-nakladka","13":"product_tag-okulary-z-filtrem-uv","14":"product_tag-okulary-z-polaryzacja","16":"first","17":"onbackorder","18":"shipping-taxable","19":"purchasable","20":"product-type-simple"},"acf":[],"_links":{"self":[{"href":"https:\/\/www.strzodowie.pl\/sklep\/wp-json\/wp\/v2\/product\/8161","targetHints":{"allow":["GET"]}}],"collection":[{"href":"https:\/\/www.strzodowie.pl\/sklep\/wp-json\/wp\/v2\/product"}],"about":[{"href":"https:\/\/www.strzodowie.pl\/sklep\/wp-json\/wp\/v2\/types\/product"}],"replies":[{"embeddable":true,"href":"https:\/\/www.strzodowie.pl\/sklep\/wp-json\/wp\/v2\/comments?post=8161"}],"wp:featuredmedia":[{"embeddable":true,"href":"https:\/\/www.strzodowie.pl\/sklep\/wp-json\/wp\/v2\/media\/9185"}],"wp:attachment":[{"href":"https:\/\/www.strzodowie.pl\/sklep\/wp-json\/wp\/v2\/media?parent=8161"}],"wp:term":[{"taxonomy":"product_brand","embeddable":true,"href":"https:\/\/www.strzodowie.pl\/sklep\/wp-json\/wp\/v2\/product_brand?post=8161"},{"taxonomy":"product_cat","embeddable":true,"href":"https:\/\/www.strzodowie.pl\/sklep\/wp-json\/wp\/v2\/product_cat?post=8161"},{"taxonomy":"product_tag","embeddable":true,"href":"https:\/\/www.strzodowie.pl\/sklep\/wp-json\/wp\/v2\/product_tag?post=8161"}],"curies":[{"name":"wp","href":"https:\/\/api.w.org\/{rel}","templated":true}]}}