{"id":8154,"date":"2025-08-22T11:32:24","date_gmt":"2025-08-22T09:32:24","guid":{"rendered":"https:\/\/www.strzodowie.pl\/sklep\/?post_type=product&#038;p=8154"},"modified":"2026-02-06T15:13:08","modified_gmt":"2026-02-06T14:13:08","slug":"bergman-nc436-c9","status":"publish","type":"product","link":"https:\/\/www.strzodowie.pl\/sklep\/product\/bergman-nc436-c9\/","title":{"rendered":"Bergman NC436 C9"},"content":{"rendered":"<h3 data-start=\"267\" data-end=\"320\"><strong data-start=\"271\" data-end=\"320\">Bergman NC436 C9 \u2013 elegancja w lekkim wydaniu<\/strong><\/h3>\n<p data-start=\"322\" data-end=\"599\">Model Bergman NC436 C9 to po\u0142\u0105czenie prostoty, lekko\u015bci i wsp\u00f3\u0142czesnego designu. Delikatna oprawa z nut\u0105 nowoczesno\u015bci sprawdzi si\u0119 zar\u00f3wno w codziennych stylizacjach, jak i bardziej formalnych sytuacjach. Uniwersalny kszta\u0142t podkre\u015bla rysy twarzy i zapewnia harmonijny wygl\u0105d.<\/p>\n<p data-start=\"601\" data-end=\"787\">Oprawki wykonano z lekkiego, ale trwa\u0142ego metalu, dzi\u0119ki czemu s\u0105 wygodne w noszeniu i odporne na uszkodzenia. Subtelna kolorystyka C9 dodaje ca\u0142o\u015bci elegancji, nie przyt\u0142aczaj\u0105c twarzy.<\/p>\n<p data-start=\"789\" data-end=\"809\"><strong data-start=\"789\" data-end=\"809\">Dane techniczne:<\/strong><\/p>\n<ul data-start=\"810\" data-end=\"993\">\n<li data-start=\"810\" data-end=\"848\">\n<p data-start=\"812\" data-end=\"848\">Szeroko\u015b\u0107 soczewki (tarcza): 55 mm<\/p>\n<\/li>\n<li data-start=\"849\" data-end=\"876\">\n<p data-start=\"851\" data-end=\"876\">Szeroko\u015b\u0107 mostka: 17 mm<\/p>\n<\/li>\n<li data-start=\"877\" data-end=\"906\">\n<p data-start=\"879\" data-end=\"906\">D\u0142ugo\u015b\u0107 zausznika: 140 mm<\/p>\n<\/li>\n<li data-start=\"907\" data-end=\"933\">\n<p data-start=\"909\" data-end=\"933\">Materia\u0142 oprawy: metal<\/p>\n<\/li>\n<li data-start=\"934\" data-end=\"947\">\n<p data-start=\"936\" data-end=\"947\">Kolor: C9<\/p>\n<\/li>\n<li data-start=\"948\" data-end=\"972\">\n<p data-start=\"950\" data-end=\"972\">Rodzaj oprawy: pe\u0142na<\/p>\n<\/li>\n<li data-start=\"973\" data-end=\"993\">\n<p data-start=\"975\" data-end=\"993\">Zawiasy: klasyczne<\/p>\n<\/li>\n<\/ul>\n<p data-start=\"995\" data-end=\"1038\"><strong data-start=\"995\" data-end=\"1038\">Dlaczego warto wybra\u0107 Bergman NC436 C9?<\/strong><\/p>\n<ul data-start=\"1039\" data-end=\"1207\">\n<li data-start=\"1039\" data-end=\"1074\">\n<p data-start=\"1041\" data-end=\"1074\">Nowoczesny, ale klasyczny kszta\u0142t<\/p>\n<\/li>\n<li data-start=\"1075\" data-end=\"1132\">\n<p data-start=\"1077\" data-end=\"1132\">Lekka konstrukcja zapewniaj\u0105ca komfort przez ca\u0142y dzie\u0144<\/p>\n<\/li>\n<li data-start=\"1133\" data-end=\"1175\">\n<p data-start=\"1135\" data-end=\"1175\">Pasuj\u0105 do wielu typ\u00f3w urody i stylizacji<\/p>\n<\/li>\n<li data-start=\"1176\" data-end=\"1207\">\n<p data-start=\"1178\" data-end=\"1207\">Trwa\u0142e i estetyczne wykonanie<\/p>\n<\/li>\n<\/ul>\n","protected":false},"excerpt":{"rendered":"<p>Bergman NC436 C9 \u2013 elegancja w lekkim wydaniu Model Bergman NC436 C9 to po\u0142\u0105czenie prostoty, lekko\u015bci i wsp\u00f3\u0142czesnego designu. Delikatna oprawa z nut\u0105 nowoczesno\u015bci sprawdzi si\u0119 zar\u00f3wno w codziennych stylizacjach, jak i bardziej formalnych sytuacjach. Uniwersalny kszta\u0142t podkre\u015bla rysy twarzy i zapewnia harmonijny wygl\u0105d. Oprawki wykonano z lekkiego, ale trwa\u0142ego metalu, dzi\u0119ki czemu s\u0105 wygodne [&hellip;]<\/p>\n","protected":false},"featured_media":9187,"comment_status":"open","ping_status":"closed","template":"","meta":{"_acf_changed":false},"product_brand":[],"product_cat":[103,50],"product_tag":[106,115,112,105,114,111,110],"class_list":{"0":"post-8154","1":"product","2":"type-product","3":"status-publish","4":"has-post-thumbnail","6":"product_cat-okulary-korekcyjne-z-nakladka","7":"product_cat-okulary-korekcyjne","8":"product_tag-nakladki-na-okulary","9":"product_tag-okulary-2w-1","10":"product_tag-okulary-2w1-clip-on","11":"product_tag-okulary-clip-on","12":"product_tag-okulary-korekcyjne-z-nakladka","13":"product_tag-okulary-z-filtrem-uv","14":"product_tag-okulary-z-polaryzacja","16":"first","17":"onbackorder","18":"shipping-taxable","19":"purchasable","20":"product-type-simple"},"acf":[],"_links":{"self":[{"href":"https:\/\/www.strzodowie.pl\/sklep\/wp-json\/wp\/v2\/product\/8154","targetHints":{"allow":["GET"]}}],"collection":[{"href":"https:\/\/www.strzodowie.pl\/sklep\/wp-json\/wp\/v2\/product"}],"about":[{"href":"https:\/\/www.strzodowie.pl\/sklep\/wp-json\/wp\/v2\/types\/product"}],"replies":[{"embeddable":true,"href":"https:\/\/www.strzodowie.pl\/sklep\/wp-json\/wp\/v2\/comments?post=8154"}],"wp:featuredmedia":[{"embeddable":true,"href":"https:\/\/www.strzodowie.pl\/sklep\/wp-json\/wp\/v2\/media\/9187"}],"wp:attachment":[{"href":"https:\/\/www.strzodowie.pl\/sklep\/wp-json\/wp\/v2\/media?parent=8154"}],"wp:term":[{"taxonomy":"product_brand","embeddable":true,"href":"https:\/\/www.strzodowie.pl\/sklep\/wp-json\/wp\/v2\/product_brand?post=8154"},{"taxonomy":"product_cat","embeddable":true,"href":"https:\/\/www.strzodowie.pl\/sklep\/wp-json\/wp\/v2\/product_cat?post=8154"},{"taxonomy":"product_tag","embeddable":true,"href":"https:\/\/www.strzodowie.pl\/sklep\/wp-json\/wp\/v2\/product_tag?post=8154"}],"curies":[{"name":"wp","href":"https:\/\/api.w.org\/{rel}","templated":true}]}}