{"id":7872,"date":"2025-06-16T12:13:13","date_gmt":"2025-06-16T10:13:13","guid":{"rendered":"https:\/\/www.strzodowie.pl\/sklep\/?post_type=product&#038;p=7872"},"modified":"2026-01-28T10:32:51","modified_gmt":"2026-01-28T09:32:51","slug":"chusteczki-do-czyszczenia-szkiel-okularowych","status":"publish","type":"product","link":"https:\/\/www.strzodowie.pl\/sklep\/product\/chusteczki-do-czyszczenia-szkiel-okularowych\/","title":{"rendered":"Chusteczki do czyszczenia szkie\u0142 okularowych"},"content":{"rendered":"<h3>Chusteczki nawil\u017cane HILAREX \u2013 krystaliczna czysto\u015b\u0107 i formu\u0142a Anti-Bacteria<\/h3>\n<p>Chusteczki nawil\u017cane <strong>HILAREX<\/strong> to profesjonalne rozwi\u0105zanie dla os\u00f3b, kt\u00f3re ceni\u0105 nieskaziteln\u0105 czysto\u015b\u0107 oraz higien\u0119 swoich akcesori\u00f3w optycznych i elektronicznych. Dzi\u0119ki zastosowaniu <strong>nowej formu\u0142y antybakteryjnej ANTI-BACTERIA<\/strong>, produkt nie tylko skutecznie usuwa codzienne zabrudzenia, ale r\u00f3wnie\u017c dba o bezpiecze\u0144stwo powierzchni, z kt\u00f3rymi mamy cz\u0119sty kontakt.<\/p>\n<p>To produkt o niezwykle szerokim spektrum zastosowa\u0144 \u2013 od <strong>wszystkich rodzaj\u00f3w soczewek okularowych<\/strong>, przez delikatn\u0105 optyk\u0119 aparat\u00f3w i lornetek, a\u017c po ekrany LCD, kaski motocyklowe i lustra. Specjalna struktura nas\u0105czenia sprawia, \u017ce chusteczki <strong>nie pozostawiaj\u0105 smug<\/strong> i co najwa\u017cniejsze, <strong>nie wymagaj\u0105 wycierania na sucho<\/strong>, co znacznie przyspiesza proces czyszczenia.<\/p>\n<p><strong>Dane techniczne:<\/strong><\/p>\n<ul>\n<li>Ilo\u015b\u0107 w opakowaniu: 60 sztuk<\/li>\n<li>Formu\u0142a: Antybakteryjna (Anti-Bacteria)<\/li>\n<li>Przeznaczenie: Okulary, aparaty, monitory, TV, kaski, lusterka<\/li>\n<li>Zgodno\u015b\u0107: Do wszystkich rodzaj\u00f3w soczewek okularowych<\/li>\n<li>Efekt: Brak smug i zaciek\u00f3w<\/li>\n<li>Wymogi: Nie wymaga polerowania na sucho<\/li>\n<li>Bezpiecze\u0144stwo: Produkt przebadany, do u\u017cytku zewn\u0119trznego<\/li>\n<\/ul>\n<p><strong>Dlaczego warto wybra\u0107 chusteczki HILAREX?<\/strong><\/p>\n<ul>\n<li>Nowoczesna formu\u0142a Anti-Bacteria dla lepszej higieny<\/li>\n<li>B\u0142yskawiczne czyszczenie bez smug i konieczno\u015bci wycierania do sucha<\/li>\n<li>Uniwersalno\u015b\u0107 \u2013 idealne do domu, biura, samochodu i na wycieczk\u0119<\/li>\n<li>Du\u017ce, ekonomiczne opakowanie zawieraj\u0105ce a\u017c 60 sztuk<\/li>\n<\/ul>\n<p><strong>Uwaga:<\/strong> Chroni\u0107 przed dzie\u0107mi. Produkt nie jest przeznaczony do czyszczenia soczewek kontaktowych.<\/p>\n","protected":false},"excerpt":{"rendered":"<p><strong><span class=\"title\">Szczeg\u00f3\u0142y produktu<\/span><\/strong><\/p>\n<p>Chusteczki nawil\u017cane HILAREX do czyszczenia szk\u0142a.<\/p>\n<p>Nowa formu\u0142a antybakteryjna ANTI-BACTERIA.<\/p>\n<p>Nadaj\u0105 si\u0119 do czyszczenia okular\u00f3w (do wszystkich rodzaj\u00f3w soczewek), urz\u0105dze\u0144 optycznych (aparaty, lornetki), monitor\u00f3w komputerowych, TV, wy\u015bwietlaczy, gablot sklepowych, lusterek samochodowych i kask\u00f3w motocyklowych.<\/p>\n<p>Do wszystkich rodzaj\u00f3w soczewek okularowych!<\/p>\n<p>Nie wymagaj\u0105 wycierania na sucho!<\/p>\n<p>Nie pozostawiaj\u0105 smug!<\/p>\n<p>Jedno opakowanie zawiera 60 chusteczek.<\/p>\n<p>UWAGA: Chroni\u0107 przed dzie\u0107mi! Nie u\u017cywa\u0107 do czyszczenia soczewek kontaktowych!<\/p>\n","protected":false},"featured_media":7873,"comment_status":"open","ping_status":"closed","template":"","meta":{"_acf_changed":false},"product_brand":[],"product_cat":[84],"product_tag":[],"class_list":{"0":"post-7872","1":"product","2":"type-product","3":"status-publish","4":"has-post-thumbnail","6":"product_cat-pielegnacja-okularow","8":"first","9":"instock","10":"shipping-taxable","11":"purchasable","12":"product-type-simple"},"acf":[],"_links":{"self":[{"href":"https:\/\/www.strzodowie.pl\/sklep\/wp-json\/wp\/v2\/product\/7872","targetHints":{"allow":["GET"]}}],"collection":[{"href":"https:\/\/www.strzodowie.pl\/sklep\/wp-json\/wp\/v2\/product"}],"about":[{"href":"https:\/\/www.strzodowie.pl\/sklep\/wp-json\/wp\/v2\/types\/product"}],"replies":[{"embeddable":true,"href":"https:\/\/www.strzodowie.pl\/sklep\/wp-json\/wp\/v2\/comments?post=7872"}],"wp:featuredmedia":[{"embeddable":true,"href":"https:\/\/www.strzodowie.pl\/sklep\/wp-json\/wp\/v2\/media\/7873"}],"wp:attachment":[{"href":"https:\/\/www.strzodowie.pl\/sklep\/wp-json\/wp\/v2\/media?parent=7872"}],"wp:term":[{"taxonomy":"product_brand","embeddable":true,"href":"https:\/\/www.strzodowie.pl\/sklep\/wp-json\/wp\/v2\/product_brand?post=7872"},{"taxonomy":"product_cat","embeddable":true,"href":"https:\/\/www.strzodowie.pl\/sklep\/wp-json\/wp\/v2\/product_cat?post=7872"},{"taxonomy":"product_tag","embeddable":true,"href":"https:\/\/www.strzodowie.pl\/sklep\/wp-json\/wp\/v2\/product_tag?post=7872"}],"curies":[{"name":"wp","href":"https:\/\/api.w.org\/{rel}","templated":true}]}}