{"id":7869,"date":"2025-06-16T12:12:22","date_gmt":"2025-06-16T10:12:22","guid":{"rendered":"https:\/\/www.strzodowie.pl\/sklep\/?post_type=product&#038;p=7869"},"modified":"2026-01-28T10:32:51","modified_gmt":"2026-01-28T09:32:51","slug":"nakladka-ochronna-sa-995-g","status":"publish","type":"product","link":"https:\/\/www.strzodowie.pl\/sklep\/product\/nakladka-ochronna-sa-995-g\/","title":{"rendered":"Nak\u0142adka ochronna SA 995-G"},"content":{"rendered":"<h3>Uniwersalna nak\u0142adka ochronna na okulary \u2013 bezpiecze\u0144stwo i filtr UV 400<\/h3>\n<p>Ten model nak\u0142adki to idealne rozwi\u0105zanie dla os\u00f3b nosz\u0105cych na co dzie\u0144 okulary korekcyjne, kt\u00f3re potrzebuj\u0105 dodatkowej ochrony w pracy lub podczas aktywno\u015bci. Nak\u0142adka skutecznie <strong>chroni oczy przed odpryskami cia\u0142 sta\u0142ych<\/strong>, a dzi\u0119ki specjalnej strukturze soczewki jest wysoce <strong>odporna na zarysowania<\/strong>, co gwarantuje jej trwa\u0142o\u015b\u0107.<\/p>\n<p>Produkt wyr\u00f3\u017cnia si\u0119 wyj\u0105tkow\u0105 funkcjonalno\u015bci\u0105 \u2013 oferuje <strong>\u0142atwy spos\u00f3b mocowania<\/strong> na w\u0142asnych oprawkach oraz bardzo praktyczn\u0105 <strong>mo\u017cliwo\u015b\u0107 unoszenia nak\u0142adki do g\u00f3ry<\/strong> (system flip-up) bez konieczno\u015bci jej demonta\u017cu. To doskona\u0142y wyb\u00f3r dla os\u00f3b dbaj\u0105cych o wzrok, poniewa\u017c nak\u0142adka posiada r\u00f3wnie\u017c <strong>filtr UV 400<\/strong>, blokuj\u0105cy szkodliwe promieniowanie.<\/p>\n<p><strong>Dane techniczne:<\/strong><\/p>\n<ul>\n<li>Ochrona mechaniczna: Przed odpryskami cia\u0142 sta\u0142ych<\/li>\n<li>Pow\u0142oka: Odporna na zarysowania<\/li>\n<li>Filtr ochronny: UV 400<\/li>\n<li>Typ monta\u017cu: Klips na okulary korekcyjne<\/li>\n<li>Funkcjonalno\u015b\u0107: Unoszona do g\u00f3ry (Flip-up)<\/li>\n<li>Bezpiecze\u0144stwo: Posiada certyfikat CE<\/li>\n<li>Zastosowanie: Ochrona wzroku w pracy i na zewn\u0105trz<\/li>\n<\/ul>\n<p><strong>Dlaczego warto wybra\u0107 t\u0119 nak\u0142adk\u0119 ochronn\u0105?<\/strong><\/p>\n<ul>\n<li>Certyfikowane bezpiecze\u0144stwo (CE) i ochrona przed urazami<\/li>\n<li>Wygodny mechanizm &#8222;flip-up&#8221; pozwalaj\u0105cy na szybkie ods\u0142oni\u0119cie widoku<\/li>\n<li>Skuteczna ochrona przeciws\u0142oneczna (UV 400)<\/li>\n<li>\u0141atwy i szybki monta\u017c na wi\u0119kszo\u015bci okular\u00f3w korekcyjnych<\/li>\n<\/ul>\n","protected":false},"excerpt":{"rendered":"<p>Chroni nasze oczy przed odpryskami cia\u0142 sta\u0142ych, odporna na zarysowania.<\/p>\n<p>Nak\u0142adana\u00a0 na okulary korekcyjne\u00a0 \u0142atwy spos\u00f3b mocowania, mo\u017cliwo\u015b\u0107 unoszenia nak\u0142adki do g\u00f3ry.<\/p>\n<p>Filtr UV 400.<\/p>\n<p>Nak\u0142adka ochronna posiadajaj\u0105ca\u00a0 certyfikat CE.<\/p>\n","protected":false},"featured_media":7870,"comment_status":"open","ping_status":"closed","template":"","meta":{"_acf_changed":false},"product_brand":[],"product_cat":[55],"product_tag":[],"class_list":{"0":"post-7869","1":"product","2":"type-product","3":"status-publish","4":"has-post-thumbnail","6":"product_cat-akcesoria-okularowe","8":"first","9":"instock","10":"shipping-taxable","11":"purchasable","12":"product-type-simple"},"acf":[],"_links":{"self":[{"href":"https:\/\/www.strzodowie.pl\/sklep\/wp-json\/wp\/v2\/product\/7869","targetHints":{"allow":["GET"]}}],"collection":[{"href":"https:\/\/www.strzodowie.pl\/sklep\/wp-json\/wp\/v2\/product"}],"about":[{"href":"https:\/\/www.strzodowie.pl\/sklep\/wp-json\/wp\/v2\/types\/product"}],"replies":[{"embeddable":true,"href":"https:\/\/www.strzodowie.pl\/sklep\/wp-json\/wp\/v2\/comments?post=7869"}],"wp:featuredmedia":[{"embeddable":true,"href":"https:\/\/www.strzodowie.pl\/sklep\/wp-json\/wp\/v2\/media\/7870"}],"wp:attachment":[{"href":"https:\/\/www.strzodowie.pl\/sklep\/wp-json\/wp\/v2\/media?parent=7869"}],"wp:term":[{"taxonomy":"product_brand","embeddable":true,"href":"https:\/\/www.strzodowie.pl\/sklep\/wp-json\/wp\/v2\/product_brand?post=7869"},{"taxonomy":"product_cat","embeddable":true,"href":"https:\/\/www.strzodowie.pl\/sklep\/wp-json\/wp\/v2\/product_cat?post=7869"},{"taxonomy":"product_tag","embeddable":true,"href":"https:\/\/www.strzodowie.pl\/sklep\/wp-json\/wp\/v2\/product_tag?post=7869"}],"curies":[{"name":"wp","href":"https:\/\/api.w.org\/{rel}","templated":true}]}}