{"id":7856,"date":"2025-06-16T12:08:39","date_gmt":"2025-06-16T10:08:39","guid":{"rendered":"https:\/\/www.strzodowie.pl\/sklep\/?post_type=product&#038;p=7856"},"modified":"2026-01-28T10:32:51","modified_gmt":"2026-01-28T09:32:51","slug":"gumka-plywajaca-do-okularow","status":"publish","type":"product","link":"https:\/\/www.strzodowie.pl\/sklep\/product\/gumka-plywajaca-do-okularow\/","title":{"rendered":"Gumka p\u0142ywaj\u0105ca do okular\u00f3w"},"content":{"rendered":"<h3>Gumka unosz\u0105ca okulary na wodzie<\/h3>\n<p>Specjalna <strong>p\u0142ywaj\u0105ca gumka do okular\u00f3w<\/strong> zapobiega ich zatoni\u0119ciu, dlatego \u015bwietnie sprawdza si\u0119 u os\u00f3b uprawiaj\u0105cych sporty wodne, takie jak \u017ceglarstwo, kajakarstwo czy SUP. Dzi\u0119ki niej okulary pozostaj\u0105 na powierzchni wody, co znacz\u0105co zmniejsza ryzyko ich utraty.<\/p>\n<p>Gumka ma d\u0142ugo\u015b\u0107 ok. <strong>38 cm<\/strong> i wykonana jest w wyrazistym, <strong>niebieskim kolorze<\/strong>, u\u0142atwiaj\u0105cym szybkie zauwa\u017cenie jej na wodzie. Lekka konstrukcja nie obci\u0105\u017ca okular\u00f3w, a jednocze\u015bnie zapewnia wygodne noszenie podczas aktywno\u015bci.<\/p>\n","protected":false},"excerpt":{"rendered":"<p>Gumka unosz\u0105ca twoje okulary na wodzie. Polecana dla os\u00f3b uprawiaj\u0105cych sporty wodne.<\/p>\n<p>Gumka w kolorze niebeskim.<\/p>\n<p>D\u0142ugo\u015b\u0107 gumki:\u00a0 38 cm<\/p>\n","protected":false},"featured_media":7857,"comment_status":"open","ping_status":"closed","template":"","meta":{"_acf_changed":false},"product_brand":[],"product_cat":[55],"product_tag":[],"class_list":{"0":"post-7856","1":"product","2":"type-product","3":"status-publish","4":"has-post-thumbnail","6":"product_cat-akcesoria-okularowe","8":"first","9":"instock","10":"shipping-taxable","11":"purchasable","12":"product-type-simple"},"acf":[],"_links":{"self":[{"href":"https:\/\/www.strzodowie.pl\/sklep\/wp-json\/wp\/v2\/product\/7856","targetHints":{"allow":["GET"]}}],"collection":[{"href":"https:\/\/www.strzodowie.pl\/sklep\/wp-json\/wp\/v2\/product"}],"about":[{"href":"https:\/\/www.strzodowie.pl\/sklep\/wp-json\/wp\/v2\/types\/product"}],"replies":[{"embeddable":true,"href":"https:\/\/www.strzodowie.pl\/sklep\/wp-json\/wp\/v2\/comments?post=7856"}],"wp:featuredmedia":[{"embeddable":true,"href":"https:\/\/www.strzodowie.pl\/sklep\/wp-json\/wp\/v2\/media\/7857"}],"wp:attachment":[{"href":"https:\/\/www.strzodowie.pl\/sklep\/wp-json\/wp\/v2\/media?parent=7856"}],"wp:term":[{"taxonomy":"product_brand","embeddable":true,"href":"https:\/\/www.strzodowie.pl\/sklep\/wp-json\/wp\/v2\/product_brand?post=7856"},{"taxonomy":"product_cat","embeddable":true,"href":"https:\/\/www.strzodowie.pl\/sklep\/wp-json\/wp\/v2\/product_cat?post=7856"},{"taxonomy":"product_tag","embeddable":true,"href":"https:\/\/www.strzodowie.pl\/sklep\/wp-json\/wp\/v2\/product_tag?post=7856"}],"curies":[{"name":"wp","href":"https:\/\/api.w.org\/{rel}","templated":true}]}}