{"id":7771,"date":"2025-06-16T11:05:33","date_gmt":"2025-06-16T09:05:33","guid":{"rendered":"https:\/\/www.strzodowie.pl\/sklep\/?post_type=product&#038;p=7771"},"modified":"2026-01-28T10:32:51","modified_gmt":"2026-01-28T09:32:51","slug":"okulary-ochronne-spawalnicze-sampreys-sa-180-w5-gratis","status":"publish","type":"product","link":"https:\/\/www.strzodowie.pl\/sklep\/product\/okulary-ochronne-spawalnicze-sampreys-sa-180-w5-gratis\/","title":{"rendered":"Okulary Ochronne Spawalnicze Samprey&#8217;s SA 180 W5 + gratis"},"content":{"rendered":"<h3>Profesjonalne okulary spawalnicze SA 180 W5<\/h3>\n<p>Okulary spawalnicze model <strong>SA 180 W5<\/strong> to specjalistyczny sprz\u0119t ochronny, kt\u00f3ry \u0142\u0105czy bezpiecze\u0144stwo z komfortem u\u017cytkowania podczas spawania. Dzi\u0119ki zastosowaniu zielonych soczewek poliw\u0119glanowych, model ten zapewnia skuteczn\u0105 ochron\u0119 przed szkodliwym promieniowaniem (Filtr 5) oraz jest odporny na zarysowania, co wyd\u0142u\u017ca jego \u017cywotno\u015b\u0107.<\/p>\n<p><strong>Komfort i ergonomia<\/strong><br \/>\nOprawki zosta\u0142y zaprojektowane z my\u015bl\u0105 o wygodzie \u2013 posiadaj\u0105 mi\u0119kki nosek oraz mi\u0119kkie ko\u0144c\u00f3wki zausznik\u00f3w, co minimalizuje ucisk i pozwala na d\u0142ugotrwa\u0142\u0105 prac\u0119 bez dyskomfortu. <strong>Klasa optyczna 1<\/strong> umo\u017cliwia ci\u0105g\u0142e stosowanie okular\u00f3w przez 8 godzin pracy oraz wykonywanie zada\u0144 wymagaj\u0105cych precyzji bez m\u0119czenia wzroku.<\/p>\n<p><strong>Bezpiecze\u0144stwo i normy<\/strong><br \/>\nOkulary charakteryzuj\u0105 si\u0119 odporno\u015bci\u0105 mechaniczn\u0105 klasy <strong>&#8222;F&#8221;<\/strong> (odporno\u015b\u0107 na uderzenia cz\u0105steczek o niskiej energii) i spe\u0142niaj\u0105 norm\u0119 spawalnicz\u0105 <strong>EN 169<\/strong>. Posiadaj\u0105 Certyfikat CE oraz pe\u0142ny filtr UV 400.<\/p>\n<p><strong>Specyfikacja techniczna:<\/strong><\/p>\n<ul>\n<li>Filtr: 5 (spawalniczy)<\/li>\n<li>Norma: EN 169<\/li>\n<li>Odporno\u015b\u0107 mechaniczna: F<\/li>\n<li>Klasa optyczna: 1<\/li>\n<li>Materia\u0142 soczewki: Poliw\u0119glan (zielona, odporna na zarysowania)<\/li>\n<li>Filtr UV: 400<\/li>\n<\/ul>\n<p><strong>Gratis w zestawie:<\/strong><\/p>\n<ul>\n<li>Szmatka do czyszczenia<\/li>\n<li>Woreczek do przechowywania okular\u00f3w<\/li>\n<\/ul>\n","protected":false},"excerpt":{"rendered":"<p>Okulary Ochronne\u00a0<strong>Spawalnicze model SA 180 W5\u00a0<\/strong>, soczewki poliw\u0119glanowe, zielone, odporne na zarysowania.<\/p>\n<p>Oprawki z mi\u0119kkim noskiem oraz mi\u0119kkimi zausznikami dzieki czemu zapewniaj\u0105 wysoki komfort uzytkowania.<\/p>\n<p><strong>Odporno\u015b\u0107 mechaniczna ,,F&#8221;<\/strong><\/p>\n<p><strong>Spe\u0142niaj\u0105 normy EN 169.<\/strong><\/p>\n<p><strong>Klasa optyczna 1<\/strong>\u00a0&#8211; mog\u0105 by\u0107 stosowane ci\u0105gle podczas o\u015bmiogodzinnego dnia pracy oraz podczas czynno\u015bci wymagaj\u0105cych precyzji.<\/p>\n<p><strong>Okulary posiadaj\u0105 certyfikat CE.<\/strong><\/p>\n<p><strong>UV 400.<\/strong><\/p>\n<p><strong>FILTR 5<\/strong><\/p>\n<p><strong>Zastosowanie:<\/strong><\/p>\n<ul>\n<li><strong>spawalnictwo<\/strong><\/li>\n<\/ul>\n<p><strong>GRATIS:<\/strong><\/p>\n<p>szmatka oraz woreczek do przechowywania<\/p>\n","protected":false},"featured_media":7772,"comment_status":"open","ping_status":"closed","template":"","meta":{"_acf_changed":false},"product_brand":[],"product_cat":[54],"product_tag":[],"class_list":{"0":"post-7771","1":"product","2":"type-product","3":"status-publish","4":"has-post-thumbnail","6":"product_cat-okulary-ochronne-z-korekcja-bhp","8":"first","9":"outofstock","10":"shipping-taxable","11":"product-type-simple"},"acf":[],"_links":{"self":[{"href":"https:\/\/www.strzodowie.pl\/sklep\/wp-json\/wp\/v2\/product\/7771","targetHints":{"allow":["GET"]}}],"collection":[{"href":"https:\/\/www.strzodowie.pl\/sklep\/wp-json\/wp\/v2\/product"}],"about":[{"href":"https:\/\/www.strzodowie.pl\/sklep\/wp-json\/wp\/v2\/types\/product"}],"replies":[{"embeddable":true,"href":"https:\/\/www.strzodowie.pl\/sklep\/wp-json\/wp\/v2\/comments?post=7771"}],"wp:featuredmedia":[{"embeddable":true,"href":"https:\/\/www.strzodowie.pl\/sklep\/wp-json\/wp\/v2\/media\/7772"}],"wp:attachment":[{"href":"https:\/\/www.strzodowie.pl\/sklep\/wp-json\/wp\/v2\/media?parent=7771"}],"wp:term":[{"taxonomy":"product_brand","embeddable":true,"href":"https:\/\/www.strzodowie.pl\/sklep\/wp-json\/wp\/v2\/product_brand?post=7771"},{"taxonomy":"product_cat","embeddable":true,"href":"https:\/\/www.strzodowie.pl\/sklep\/wp-json\/wp\/v2\/product_cat?post=7771"},{"taxonomy":"product_tag","embeddable":true,"href":"https:\/\/www.strzodowie.pl\/sklep\/wp-json\/wp\/v2\/product_tag?post=7771"}],"curies":[{"name":"wp","href":"https:\/\/api.w.org\/{rel}","templated":true}]}}