{"id":7618,"date":"2025-06-13T14:14:16","date_gmt":"2025-06-13T12:14:16","guid":{"rendered":"https:\/\/www.strzodowie.pl\/sklep\/?post_type=product&#038;p=7618"},"modified":"2026-01-28T10:32:51","modified_gmt":"2026-01-28T09:32:51","slug":"okulary-sportowe-marki-progear-rozmiar-l","status":"publish","type":"product","link":"https:\/\/www.strzodowie.pl\/sklep\/product\/okulary-sportowe-marki-progear-rozmiar-l\/","title":{"rendered":"Okulary sportowe Marki PROGEAR rozmiar L"},"content":{"rendered":"<h3>PROGEAR Eyeguard L \u2013 sportowa korekcja dla doros\u0142ych i mocnych trening\u00f3w<\/h3>\n<p>Model <strong>PROGEAR Eyeguard L<\/strong> to sportowe okulary korekcyjne zaprojektowane z my\u015bl\u0105 o intensywnym u\u017cytkowaniu i maksymalnym bezpiecze\u0144stwie podczas aktywno\u015bci. Linia Eyeguard jest znana z ochronnego charakteru oraz mo\u017cliwo\u015bci dopasowania pod sport (konstrukcja pod dynamiczne warunki).<\/p>\n<p>Wytrzyma\u0142a oprawa z poliw\u0119glanu \u0142\u0105czy odporno\u015b\u0107 na uderzenia z komfortem dzi\u0119ki szerokiemu, antyalergicznemu noskowi z mi\u0119kkiego tworzywa. Okulary posiadaj\u0105 certyfikaty <strong>EN 166<\/strong> oraz <strong>ASTM F803<\/strong>, co czyni je \u015bwietnym wyborem do sport\u00f3w zespo\u0142owych i indywidualnych.<\/p>\n<p><strong>Dane techniczne (rozmiar L):<\/strong><\/p>\n<ul>\n<li>Rozmiar: L (powy\u017cej 15 lat)<\/li>\n<li>Szeroko\u015b\u0107 soczewki (tarcza): 55 mm<\/li>\n<li>Szeroko\u015b\u0107 mostka: 18 mm<\/li>\n<li>D\u0142ugo\u015b\u0107 zausznika: 122 mm<\/li>\n<li>Materia\u0142 oprawy: Poliw\u0119glan<\/li>\n<\/ul>\n<p><strong>Dlaczego warto wybra\u0107 PROGEAR Eyeguard L?<\/strong><\/p>\n<ul>\n<li>Sportowa konstrukcja ochronna do wymagaj\u0105cych aktywno\u015bci.<\/li>\n<li>Mo\u017cliwo\u015b\u0107 wykonania i monta\u017cu szkie\u0142 korekcyjnych w oprawie.<\/li>\n<li>Certyfikowana ochrona (EN 166 \/ ASTM F803) \u2013 wi\u0119kszy spok\u00f3j podczas gry i treningu.<\/li>\n<\/ul>\n","protected":false},"excerpt":{"rendered":"<p>Sportowa korekcja okularowa uznanego producenta\u00a0PROGEAR\u00a0z ponad 40-letni\u0105 tradycj\u0105.<br \/>\nOprawa wykonana z poliw\u0119glanu,mocna,trwa\u0142a, odporna na uderzenia, szeroki nano\u015bnik antyalergiczny z mi\u0119kkiego tworzywa daje komfort u\u017cytkowania.<\/p>\n<p>PROGEAR Eyeguard \u2013 bezpiecze\u0144stwo, design i korekcja okularowa<\/p>\n<p><strong>Rozmiar L: powy\u017cej 15 lat<br \/>\nSoczewka 55 mm<br \/>\nMostek 18 mm<br \/>\nZausznik 122 mm<\/strong><\/p>\n<p>Okulary z certyfikatem\u00a0 EN 166 oraz ASTM F803.<\/p>\n<p>Przeznaczone do uprawiana wszystkich sport\u00f3w zar\u00f3wno grupowych jak i indywidualnych.<\/p>\n","protected":false},"featured_media":7619,"comment_status":"open","ping_status":"closed","template":"","meta":{"_acf_changed":false},"product_brand":[],"product_cat":[73,52],"product_tag":[],"class_list":{"0":"post-7618","1":"product","2":"type-product","3":"status-publish","4":"has-post-thumbnail","6":"product_cat-do-gier-zespolowych","7":"product_cat-okulary-sportowe","9":"first","10":"outofstock","11":"shipping-taxable","12":"purchasable","13":"product-type-simple"},"acf":[],"_links":{"self":[{"href":"https:\/\/www.strzodowie.pl\/sklep\/wp-json\/wp\/v2\/product\/7618","targetHints":{"allow":["GET"]}}],"collection":[{"href":"https:\/\/www.strzodowie.pl\/sklep\/wp-json\/wp\/v2\/product"}],"about":[{"href":"https:\/\/www.strzodowie.pl\/sklep\/wp-json\/wp\/v2\/types\/product"}],"replies":[{"embeddable":true,"href":"https:\/\/www.strzodowie.pl\/sklep\/wp-json\/wp\/v2\/comments?post=7618"}],"wp:featuredmedia":[{"embeddable":true,"href":"https:\/\/www.strzodowie.pl\/sklep\/wp-json\/wp\/v2\/media\/7619"}],"wp:attachment":[{"href":"https:\/\/www.strzodowie.pl\/sklep\/wp-json\/wp\/v2\/media?parent=7618"}],"wp:term":[{"taxonomy":"product_brand","embeddable":true,"href":"https:\/\/www.strzodowie.pl\/sklep\/wp-json\/wp\/v2\/product_brand?post=7618"},{"taxonomy":"product_cat","embeddable":true,"href":"https:\/\/www.strzodowie.pl\/sklep\/wp-json\/wp\/v2\/product_cat?post=7618"},{"taxonomy":"product_tag","embeddable":true,"href":"https:\/\/www.strzodowie.pl\/sklep\/wp-json\/wp\/v2\/product_tag?post=7618"}],"curies":[{"name":"wp","href":"https:\/\/api.w.org\/{rel}","templated":true}]}}