{"id":7549,"date":"2025-06-13T13:24:50","date_gmt":"2025-06-13T11:24:50","guid":{"rendered":"https:\/\/www.strzodowie.pl\/sklep\/?post_type=product&#038;p=7549"},"modified":"2026-01-28T10:32:50","modified_gmt":"2026-01-28T09:32:50","slug":"scarlet-oak","status":"publish","type":"product","link":"https:\/\/www.strzodowie.pl\/sklep\/product\/scarlet-oak\/","title":{"rendered":"Okulary przeciws\u0142oneczne Scarlet Oak"},"content":{"rendered":"<p data-end=\"532\" data-start=\"189\">Model\u00a0<strong data-end=\"204\" data-start=\"195\">Jules<\/strong>\u00a0od Scarlet Oak to po\u0142\u0105czenie lekkiej formy, nowoczesnego stylu i kobiecego charakteru. Dost\u0119pne w trzech wyj\u0105tkowych wersjach kolorystycznych \u2013\u00a0<strong data-end=\"361\" data-start=\"349\">Blushing<\/strong>\u00a0(delikatny r\u00f3\u017c),\u00a0<strong data-end=\"387\" data-start=\"379\">Gris<\/strong>\u00a0(elegancka szaro\u015b\u0107) oraz\u00a0<strong data-end=\"422\" data-start=\"413\">Raven<\/strong>\u00a0(klasyczna czer\u0144) \u2013 okulary te idealnie wpisuj\u0105 si\u0119 w codzienne stylizacje, dodaj\u0105c im lekko\u015bci i charakteru.<\/p>\n<p data-end=\"551\" data-start=\"534\"><strong data-end=\"551\" data-start=\"534\">Cechy modelu:<\/strong><\/p>\n<ul data-end=\"954\" data-start=\"552\">\n<li data-end=\"623\" data-start=\"552\">\n<p data-end=\"623\" data-start=\"554\">\u2705 Stylowe oprawki w modnych odcieniach:\u00a0<em data-end=\"604\" data-start=\"594\">Blushing<\/em>,\u00a0<em data-end=\"612\" data-start=\"606\">Gris<\/em>,\u00a0<em data-end=\"621\" data-start=\"614\">Raven<\/em><\/p>\n<\/li>\n<li data-end=\"727\" data-start=\"624\">\n<p data-end=\"727\" data-start=\"626\">\u2705\u00a0<strong data-end=\"649\" data-start=\"628\">Soczewki gradalne<\/strong>, o\u00a0<strong data-end=\"684\" data-start=\"653\">2. kategorii przyciemnienia<\/strong>\u00a0\u2013 idealne na umiarkowane nas\u0142onecznienie<\/p>\n<\/li>\n<li data-end=\"801\" data-start=\"728\">\n<p data-end=\"801\" data-start=\"730\">\u2705\u00a0<strong data-end=\"747\" data-start=\"732\">Filtr UV400<\/strong>\u00a0\u2013 skuteczna ochrona przed promieniowaniem UVA i UVB<\/p>\n<\/li>\n<li data-end=\"886\" data-start=\"802\">\n<p data-end=\"886\" data-start=\"804\">\u2705\u00a0<strong data-end=\"851\" data-start=\"806\">Hipoalergiczna konstrukcja wolna od niklu<\/strong>\u00a0\u2013 bezpieczne dla wra\u017cliwej sk\u00f3ry<\/p>\n<\/li>\n<li data-end=\"954\" data-start=\"887\">\n<p data-end=\"954\" data-start=\"889\">\u2705 Lekka, komfortowa oprawka \u2013 wygodne noszenie przez ca\u0142y dzie\u0144<\/p>\n<\/li>\n<\/ul>\n<p data-end=\"1138\" data-start=\"956\"><strong data-end=\"977\" data-start=\"956\">Scarlet Oak Jules<\/strong>\u00a0to okulary przeciws\u0142oneczne, kt\u00f3re \u0142\u0105cz\u0105 mod\u0119, bezpiecze\u0144stwo i wygod\u0119. Idealny wyb\u00f3r dla kobiet, kt\u00f3re chc\u0105 wygl\u0105da\u0107 stylowo i czu\u0107 si\u0119 swobodnie ka\u017cdego dnia.<\/p>\n","protected":false},"excerpt":{"rendered":"<p>Model\u00a0Jules\u00a0od Scarlet Oak to po\u0142\u0105czenie lekkiej formy, nowoczesnego stylu i kobiecego charakteru. Dost\u0119pne w trzech wyj\u0105tkowych wersjach kolorystycznych \u2013\u00a0Blushing\u00a0(delikatny r\u00f3\u017c),\u00a0Gris\u00a0(elegancka szaro\u015b\u0107) oraz\u00a0Raven\u00a0(klasyczna czer\u0144) \u2013 okulary te idealnie wpisuj\u0105 si\u0119 w codzienne stylizacje, dodaj\u0105c im lekko\u015bci i charakteru. Cechy modelu: \u2705 Stylowe oprawki w modnych odcieniach:\u00a0Blushing,\u00a0Gris,\u00a0Raven \u2705\u00a0Soczewki gradalne, o\u00a02. kategorii przyciemnienia\u00a0\u2013 idealne na umiarkowane nas\u0142onecznienie \u2705\u00a0Filtr [&hellip;]<\/p>\n","protected":false},"featured_media":7550,"comment_status":"open","ping_status":"closed","template":"","meta":{"_acf_changed":false},"product_brand":[],"product_cat":[70,51],"product_tag":[],"class_list":{"0":"post-7549","1":"product","2":"type-product","3":"status-publish","4":"has-post-thumbnail","6":"product_cat-modne","7":"product_cat-okulary-przeciwsloneczne","9":"first","10":"instock","11":"shipping-taxable","12":"purchasable","13":"product-type-simple"},"acf":[],"_links":{"self":[{"href":"https:\/\/www.strzodowie.pl\/sklep\/wp-json\/wp\/v2\/product\/7549","targetHints":{"allow":["GET"]}}],"collection":[{"href":"https:\/\/www.strzodowie.pl\/sklep\/wp-json\/wp\/v2\/product"}],"about":[{"href":"https:\/\/www.strzodowie.pl\/sklep\/wp-json\/wp\/v2\/types\/product"}],"replies":[{"embeddable":true,"href":"https:\/\/www.strzodowie.pl\/sklep\/wp-json\/wp\/v2\/comments?post=7549"}],"wp:featuredmedia":[{"embeddable":true,"href":"https:\/\/www.strzodowie.pl\/sklep\/wp-json\/wp\/v2\/media\/7550"}],"wp:attachment":[{"href":"https:\/\/www.strzodowie.pl\/sklep\/wp-json\/wp\/v2\/media?parent=7549"}],"wp:term":[{"taxonomy":"product_brand","embeddable":true,"href":"https:\/\/www.strzodowie.pl\/sklep\/wp-json\/wp\/v2\/product_brand?post=7549"},{"taxonomy":"product_cat","embeddable":true,"href":"https:\/\/www.strzodowie.pl\/sklep\/wp-json\/wp\/v2\/product_cat?post=7549"},{"taxonomy":"product_tag","embeddable":true,"href":"https:\/\/www.strzodowie.pl\/sklep\/wp-json\/wp\/v2\/product_tag?post=7549"}],"curies":[{"name":"wp","href":"https:\/\/api.w.org\/{rel}","templated":true}]}}